{"id":7195,"date":"2023-12-21T08:45:36","date_gmt":"2023-12-21T01:45:36","guid":{"rendered":"https:\/\/info.biofabmed.com\/?page_id=7195"},"modified":"2024-05-14T00:59:49","modified_gmt":"2024-05-13T22:59:49","slug":"about","status":"publish","type":"page","link":"https:\/\/info.biofabmed.com\/?page_id=7195","title":{"rendered":"About"},"content":{"rendered":"\t\t<div data-elementor-type=\"wp-page\" data-elementor-id=\"7195\" class=\"elementor elementor-7195\" data-elementor-post-type=\"page\">\n\t\t\t\t<div class=\"elementor-element elementor-element-214a120 e-flex e-con-boxed e-con e-parent\" data-id=\"214a120\" data-element_type=\"container\">\n\t\t\t\t\t<div class=\"e-con-inner\">\n\t\t<div class=\"elementor-element elementor-element-f05eb0f e-con-full e-flex e-con e-child\" data-id=\"f05eb0f\" data-element_type=\"container\">\n\t\t\t\t<div class=\"elementor-element elementor-element-1aee084 elementor-widget__width-initial elementor-widget elementor-widget-heading\" data-id=\"1aee084\" data-element_type=\"widget\" data-widget_type=\"heading.default\">\n\t\t\t\t<div class=\"elementor-widget-container\">\n\t\t\t\t\t<h3 class=\"elementor-heading-title elementor-size-default\">Nous Croyons en des Produits de Qualit\u00e9<\/h3>\t\t\t\t<\/div>\n\t\t\t\t<\/div>\n\t\t\t\t<div class=\"elementor-element elementor-element-deab882 elementor-widget__width-initial elementor-widget elementor-widget-text-editor\" data-id=\"deab882\" data-element_type=\"widget\" data-widget_type=\"text-editor.default\">\n\t\t\t\t<div class=\"elementor-widget-container\">\n\t\t\t\t\t\t\t\t\t<p>Chez BioFamed, nous croyons fermement en l&#8217;importance des produits de qualit\u00e9 pour assurer des soins de sant\u00e9 efficaces et fiables. C&#8217;est pourquoi nous nous engageons \u00e0 fournir \u00e0 nos clients des produits qui r\u00e9pondent aux normes les plus \u00e9lev\u00e9es de qualit\u00e9, de s\u00e9curit\u00e9 et de performance.<\/p>\t\t\t\t\t\t\t\t<\/div>\n\t\t\t\t<\/div>\n\t\t\t\t<\/div>\n\t\t<div class=\"elementor-element elementor-element-f67b764 e-con-full e-flex e-con e-child\" data-id=\"f67b764\" data-element_type=\"container\">\n\t\t\t\t<div class=\"elementor-element elementor-element-294e6cb elementor-widget elementor-widget-image\" data-id=\"294e6cb\" data-element_type=\"widget\" data-widget_type=\"image.default\">\n\t\t\t\t<div class=\"elementor-widget-container\">\n\t\t\t\t\t\t\t\t\t\t\t\t\t\t\t<img fetchpriority=\"high\" decoding=\"async\" width=\"768\" height=\"960\" src=\"https:\/\/info.biofabmed.com\/wp-content\/uploads\/2024\/04\/medium-shot-man-holding-erlenmeyer-flask-768x960.jpg\" class=\"attachment-medium_large size-medium_large wp-image-7619\" alt=\"\" srcset=\"https:\/\/info.biofabmed.com\/wp-content\/uploads\/2024\/04\/medium-shot-man-holding-erlenmeyer-flask-768x960.jpg 768w, https:\/\/info.biofabmed.com\/wp-content\/uploads\/2024\/04\/medium-shot-man-holding-erlenmeyer-flask-scaled-600x750.jpg 600w, https:\/\/info.biofabmed.com\/wp-content\/uploads\/2024\/04\/medium-shot-man-holding-erlenmeyer-flask-240x300.jpg 240w, https:\/\/info.biofabmed.com\/wp-content\/uploads\/2024\/04\/medium-shot-man-holding-erlenmeyer-flask-819x1024.jpg 819w, https:\/\/info.biofabmed.com\/wp-content\/uploads\/2024\/04\/medium-shot-man-holding-erlenmeyer-flask-1229x1536.jpg 1229w, https:\/\/info.biofabmed.com\/wp-content\/uploads\/2024\/04\/medium-shot-man-holding-erlenmeyer-flask-1639x2048.jpg 1639w, https:\/\/info.biofabmed.com\/wp-content\/uploads\/2024\/04\/medium-shot-man-holding-erlenmeyer-flask-scaled.jpg 2048w\" sizes=\"(max-width: 768px) 100vw, 768px\" \/>\t\t\t\t\t\t\t\t\t\t\t\t\t\t\t<\/div>\n\t\t\t\t<\/div>\n\t\t\t\t<\/div>\n\t\t\t\t\t<\/div>\n\t\t\t\t<\/div>\n\t\t<div class=\"elementor-element elementor-element-8569208 e-flex e-con-boxed e-con e-parent\" data-id=\"8569208\" data-element_type=\"container\">\n\t\t\t\t\t<div class=\"e-con-inner\">\n\t\t<div class=\"elementor-element elementor-element-fb56b79 e-con-full e-flex e-con e-child\" data-id=\"fb56b79\" data-element_type=\"container\">\n\t\t\t\t<div class=\"elementor-element elementor-element-629b9ad elementor-widget elementor-widget-heading\" data-id=\"629b9ad\" data-element_type=\"widget\" data-widget_type=\"heading.default\">\n\t\t\t\t<div class=\"elementor-widget-container\">\n\t\t\t\t\t<h3 class=\"elementor-heading-title elementor-size-default\">Qui Nous Sommes ?<\/h3>\t\t\t\t<\/div>\n\t\t\t\t<\/div>\n\t\t\t\t<div class=\"elementor-element elementor-element-79eca91 elementor-widget elementor-widget-text-editor\" data-id=\"79eca91\" data-element_type=\"widget\" data-widget_type=\"text-editor.default\">\n\t\t\t\t<div class=\"elementor-widget-container\">\n\t\t\t\t\t\t\t\t\t<p>Nous sommes un fournisseur bas\u00e9 \u00e0 Oran, sp\u00e9cialis\u00e9 dans la distribution d&#8217;\u00e9quipements, de r\u00e9actifs et de mat\u00e9riel m\u00e9dical et de laboratoire d&#8217;analyse. Forts de notre expertise dans le domaine m\u00e9dical<\/p><p>\u00a0<\/p>\t\t\t\t\t\t\t\t<\/div>\n\t\t\t\t<\/div>\n\t\t\t\t<\/div>\n\t\t<div class=\"elementor-element elementor-element-17d20f5 e-con-full e-flex e-con e-child\" data-id=\"17d20f5\" data-element_type=\"container\">\n\t\t\t\t<div class=\"elementor-element elementor-element-3822e77 elementor-widget elementor-widget-heading\" data-id=\"3822e77\" data-element_type=\"widget\" data-widget_type=\"heading.default\">\n\t\t\t\t<div class=\"elementor-widget-container\">\n\t\t\t\t\t<h3 class=\"elementor-heading-title elementor-size-default\">Notre Histoire<\/h3>\t\t\t\t<\/div>\n\t\t\t\t<\/div>\n\t\t\t\t<div class=\"elementor-element elementor-element-00a19a5 elementor-widget elementor-widget-text-editor\" data-id=\"00a19a5\" data-element_type=\"widget\" data-widget_type=\"text-editor.default\">\n\t\t\t\t<div class=\"elementor-widget-container\">\n\t\t\t\t\t\t\t\t\t<p>Notre histoire chez BioFamed remonte \u00e0 2017, lorsque notre fondateur, Dr ABADA, a eu la vision de cr\u00e9er une entreprise d\u00e9di\u00e9e \u00e0 l&#8217;innovation dans le domaine m\u00e9dical. Depuis lors, nous avons parcouru un long chemin, passant de modestes d\u00e9buts \u00e0 devenir un acteur respect\u00e9 dans l&#8217;industrie de la sant\u00e9. Au fil des ans, nous avons constamment cherch\u00e9 \u00e0 repousser les limites de la technologie m\u00e9dicale pour offrir des solutions novatrices qui am\u00e9liorent la vie des patients et soutiennent les professionnels de la sant\u00e9 dans leur pratique. Notre engagement envers l&#8217;excellence et notre passion pour l&#8217;innovation continuent de guider chacune de nos actions alors que nous poursuivons notre mission de transformer les soins de sant\u00e9 pour un avenir meilleur<\/p>\t\t\t\t\t\t\t\t<\/div>\n\t\t\t\t<\/div>\n\t\t\t\t<\/div>\n\t\t<div class=\"elementor-element elementor-element-4000f6e e-con-full e-flex e-con e-child\" data-id=\"4000f6e\" data-element_type=\"container\">\n\t\t\t\t<div class=\"elementor-element elementor-element-6949ee3 elementor-widget elementor-widget-heading\" data-id=\"6949ee3\" data-element_type=\"widget\" data-widget_type=\"heading.default\">\n\t\t\t\t<div class=\"elementor-widget-container\">\n\t\t\t\t\t<h3 class=\"elementor-heading-title elementor-size-default\">Notre Mission<\/h3>\t\t\t\t<\/div>\n\t\t\t\t<\/div>\n\t\t\t\t<div class=\"elementor-element elementor-element-4df9fec elementor-widget elementor-widget-text-editor\" data-id=\"4df9fec\" data-element_type=\"widget\" data-widget_type=\"text-editor.default\">\n\t\t\t\t<div class=\"elementor-widget-container\">\n\t\t\t\t\t\t\t\t\t<p>Chez BioFamed, notre mission est de fournir des services en Bioclinique de haute qualit\u00e9 pour r\u00e9pondre aux besoins croissants du secteur de la sant\u00e9. Nous nous engageons \u00e0 am\u00e9liorer la vie des patients en offrant des produits et des services qui garantissent l&#8217;efficacit\u00e9, la s\u00e9curit\u00e9 et le confort. Notre objectif est d&#8217;\u00eatre un partenaire de confiance pour les professionnels de la sant\u00e9 en leur fournissant des outils et des technologies de pointe pour un meilleur diagnostic, traitement et suivi des patients.<\/p>\t\t\t\t\t\t\t\t<\/div>\n\t\t\t\t<\/div>\n\t\t\t\t<\/div>\n\t\t\t\t\t<\/div>\n\t\t\t\t<\/div>\n\t\t<div class=\"elementor-element elementor-element-0de57d9 e-flex e-con-boxed e-con e-parent\" data-id=\"0de57d9\" data-element_type=\"container\">\n\t\t\t\t\t<div class=\"e-con-inner\">\n\t\t\t\t<div class=\"elementor-element elementor-element-228fbca elementor-widget elementor-widget-spacer\" data-id=\"228fbca\" data-element_type=\"widget\" data-widget_type=\"spacer.default\">\n\t\t\t\t<div class=\"elementor-widget-container\">\n\t\t\t\t\t\t\t<div class=\"elementor-spacer\">\n\t\t\t<div class=\"elementor-spacer-inner\"><\/div>\n\t\t<\/div>\n\t\t\t\t\t\t<\/div>\n\t\t\t\t<\/div>\n\t\t\t\t\t<\/div>\n\t\t\t\t<\/div>\n\t\t\t\t<\/div>\n\t\t","protected":false},"excerpt":{"rendered":"<p>Nous Croyons en des Produits de Qualit\u00e9 Chez BioFamed, nous croyons fermement en l&#8217;importance des produits de qualit\u00e9 pour assurer des soins de sant\u00e9 efficaces et fiables. C&#8217;est pourquoi nous nous engageons \u00e0 fournir \u00e0 nos clients des produits qui r\u00e9pondent aux normes les plus \u00e9lev\u00e9es de qualit\u00e9, de s\u00e9curit\u00e9 et de performance. Qui Nous [&hellip;]<\/p>\n","protected":false},"author":1,"featured_media":0,"parent":0,"menu_order":0,"comment_status":"closed","ping_status":"closed","template":"","meta":{"footnotes":""},"class_list":["post-7195","page","type-page","status-publish","hentry"],"_links":{"self":[{"href":"https:\/\/info.biofabmed.com\/index.php?rest_route=\/wp\/v2\/pages\/7195","targetHints":{"allow":["GET"]}}],"collection":[{"href":"https:\/\/info.biofabmed.com\/index.php?rest_route=\/wp\/v2\/pages"}],"about":[{"href":"https:\/\/info.biofabmed.com\/index.php?rest_route=\/wp\/v2\/types\/page"}],"author":[{"embeddable":true,"href":"https:\/\/info.biofabmed.com\/index.php?rest_route=\/wp\/v2\/users\/1"}],"replies":[{"embeddable":true,"href":"https:\/\/info.biofabmed.com\/index.php?rest_route=%2Fwp%2Fv2%2Fcomments&post=7195"}],"version-history":[{"count":13,"href":"https:\/\/info.biofabmed.com\/index.php?rest_route=\/wp\/v2\/pages\/7195\/revisions"}],"predecessor-version":[{"id":8860,"href":"https:\/\/info.biofabmed.com\/index.php?rest_route=\/wp\/v2\/pages\/7195\/revisions\/8860"}],"wp:attachment":[{"href":"https:\/\/info.biofabmed.com\/index.php?rest_route=%2Fwp%2Fv2%2Fmedia&parent=7195"}],"curies":[{"name":"wp","href":"https:\/\/api.w.org\/{rel}","templated":true}]}}