{"id":10480,"date":"2025-12-12T22:49:33","date_gmt":"2025-12-12T21:49:33","guid":{"rendered":"https:\/\/info.biofabmed.com\/?post_type=product&#038;p=10480"},"modified":"2025-12-16T10:36:30","modified_gmt":"2025-12-16T09:36:30","slug":"tube-sec","status":"publish","type":"product","link":"https:\/\/info.biofabmed.com\/?product=tube-sec","title":{"rendered":"TUBE SEC&#8212;&#8212;&#8212;&#8212;&#8212;&#8212;&#8212;&#8212;-"},"content":{"rendered":"<p><b data-fusion-font=\"true\">H\u00e9matologie :<\/b><span data-fusion-font=\"true\">\u00a0Groupages sanguins, Agglutinines irr\u00e9guli\u00e8res<\/span><\/p>\n<p><b data-fusion-font=\"true\">S\u00e9rologie :<\/b><span data-fusion-font=\"true\">\u00a0Agglutinines froides, polyarthrite rhumato\u00efde, mononucl\u00e9ose infectieuse, syphilis, rhumatisme articulaire aig\u00fc, rub\u00e9ole, Prot\u00e9ine C R\u00e9active (CRP), fractions du compl\u00e9ment, Tests viraux (VIH, VHB\u2026)<\/span><\/p>\n<p><b data-fusion-font=\"true\">Biochimie :<\/b><br \/>\n<span data-fusion-font=\"true\"><br \/>\n<\/span><i><span data-fusion-font=\"true\">Ions inorganiques:\u00a0<\/span><\/i><span data-fusion-font=\"true\">Ions (Na, K, Cl, Ca, Mg, P), Fer s\u00e9rique<\/span><br \/>\n<span data-fusion-font=\"true\"><br \/>\n<\/span><i><span data-fusion-font=\"true\">Anticorps:<\/span><\/i>\u00a0<span data-fusion-font=\"true\">prot\u00e9ines totales, albumine, anticorps (IgG, IgM, IgA, IgE)<\/span><br \/>\n<span data-fusion-font=\"true\"><br \/>\n<\/span><i><span data-fusion-font=\"true\">Constituants azot\u00e9s non prot\u00e9iques<\/span><\/i><span data-fusion-font=\"true\">:\u00a0<\/span><span data-fusion-font=\"true\">ur\u00e9e, acide urique, cr\u00e9atinine<\/span><br \/>\n<span data-fusion-font=\"true\"><br \/>\n<\/span><i><span data-fusion-font=\"true\">Lipides:\u00a0<\/span><\/i><span data-fusion-font=\"true\">lipoprot\u00e9ines, cholest\u00e9rol total, LDL-HDL, apolipoprot\u00e9ines, triglyc\u00e9rides, acides gras libres<\/span><br \/>\n<span data-fusion-font=\"true\"><br \/>\n<\/span><i><span data-fusion-font=\"true\">Glyc\u00e9mie:<\/span><\/i>\u00a0<span data-fusion-font=\"true\">glyc\u00e9mie, h\u00e9moglobines glycosyl\u00e9es<\/span><br \/>\n<span data-fusion-font=\"true\"><br \/>\n<\/span><i><span data-fusion-font=\"true\">Fonction h\u00e9patique:<\/span><\/i>\u00a0<span data-fusion-font=\"true\">bilirubine totale, bilirubine directe<\/span><br \/>\n<span data-fusion-font=\"true\"><br \/>\n<\/span><i><span data-fusion-font=\"true\">Enzymes:<\/span><\/i>\u00a0<span data-fusion-font=\"true\">Cr\u00e9atine kinase (CK), Glutamyl transf\u00e9rase (yGT), phosphatases alcalines, phosphatases acides, transaminases (ASAT-ALAT), lactate d\u00e9shydrog\u00e9nase (LDH), amylase<\/span><\/p>\n<p><b data-fusion-font=\"true\">Hormonologie :<\/b><span data-fusion-font=\"true\">\u00a0Hormones<\/span><i><br \/>\n<span data-fusion-font=\"true\"><br \/>\n<\/span><\/i><\/p>\n<p><b data-fusion-font=\"true\">Pharmacologie \u2013 Toxicologie :\u00a0<\/b><span data-fusion-font=\"true\">M\u00e9dicaments, toxiques<\/span><\/p>\n","protected":false},"excerpt":{"rendered":"<p>H\u00e9matologie :\u00a0Groupages sanguins, Agglutinines irr\u00e9guli\u00e8res S\u00e9rologie :\u00a0Agglutinines froides, polyarthrite rhumato\u00efde, mononucl\u00e9ose infectieuse, syphilis, rhumatisme articulaire aig\u00fc, rub\u00e9ole, Prot\u00e9ine C R\u00e9active (CRP), fractions du compl\u00e9ment, Tests viraux (VIH, VHB\u2026) Biochimie : Ions inorganiques:\u00a0Ions (Na, K, Cl, Ca, Mg, P), Fer s\u00e9rique Anticorps:\u00a0prot\u00e9ines totales, albumine, anticorps (IgG, IgM, IgA, IgE) Constituants azot\u00e9s non prot\u00e9iques:\u00a0ur\u00e9e, acide urique, cr\u00e9atinine [&hellip;]<\/p>\n","protected":false},"featured_media":10417,"comment_status":"open","ping_status":"closed","template":"","meta":[],"product_brand":[],"product_cat":[357,356],"product_tag":[],"class_list":{"0":"post-10480","1":"product","2":"type-product","3":"status-publish","4":"has-post-thumbnail","6":"product_cat-consommables-de-laboratoire","7":"product_cat-laboratoire-danalyses-medicales","8":"ts_product_brand-tubes","10":"first","11":"instock","12":"shipping-taxable","13":"product-type-simple","14":"add-to-wishlist-after_add_to_cart"},"_links":{"self":[{"href":"https:\/\/info.biofabmed.com\/index.php?rest_route=\/wp\/v2\/product\/10480","targetHints":{"allow":["GET"]}}],"collection":[{"href":"https:\/\/info.biofabmed.com\/index.php?rest_route=\/wp\/v2\/product"}],"about":[{"href":"https:\/\/info.biofabmed.com\/index.php?rest_route=\/wp\/v2\/types\/product"}],"replies":[{"embeddable":true,"href":"https:\/\/info.biofabmed.com\/index.php?rest_route=%2Fwp%2Fv2%2Fcomments&post=10480"}],"wp:featuredmedia":[{"embeddable":true,"href":"https:\/\/info.biofabmed.com\/index.php?rest_route=\/wp\/v2\/media\/10417"}],"wp:attachment":[{"href":"https:\/\/info.biofabmed.com\/index.php?rest_route=%2Fwp%2Fv2%2Fmedia&parent=10480"}],"wp:term":[{"taxonomy":"product_brand","embeddable":true,"href":"https:\/\/info.biofabmed.com\/index.php?rest_route=%2Fwp%2Fv2%2Fproduct_brand&post=10480"},{"taxonomy":"product_cat","embeddable":true,"href":"https:\/\/info.biofabmed.com\/index.php?rest_route=%2Fwp%2Fv2%2Fproduct_cat&post=10480"},{"taxonomy":"product_tag","embeddable":true,"href":"https:\/\/info.biofabmed.com\/index.php?rest_route=%2Fwp%2Fv2%2Fproduct_tag&post=10480"}],"curies":[{"name":"wp","href":"https:\/\/api.w.org\/{rel}","templated":true}]}}