{"id":10488,"date":"2025-12-12T22:49:33","date_gmt":"2025-12-12T21:49:33","guid":{"rendered":"https:\/\/info.biofabmed.com\/?post_type=product&#038;p=10488"},"modified":"2025-12-16T08:18:17","modified_gmt":"2025-12-16T07:18:17","slug":"lipase-310-ml-biolabo-2","status":"publish","type":"product","link":"https:\/\/info.biofabmed.com\/?product=lipase-310-ml-biolabo-2","title":{"rendered":"LIPASE 3*10 ML Biolabo"},"content":{"rendered":"<p><strong>Pr\u00e9sentation<\/strong><br \/>\nR1 : 5 x 30 mL<br \/>\nR2 : 1 x 150 mL<br \/>\nR3 : 1 x 50 mL<br \/>\nR4 : 2 x 3 mL<br \/>\nR5 : 2 x 5 mL<\/p>\n<p><strong>Caract\u00e9ristiques<\/strong><br \/>\nCalibrant Lipase inclus<br \/>\nBir\u00e9actif<br \/>\nLyophilisat (flacon R1)<br \/>\nReconstitution rapide (2 minutes) avec tampon de dilution inclus (flacon R2)<br \/>\nLin\u00e9arit\u00e9 : jusqu\u2019\u00e0 750 UI\/L (12,5 \u00b5kat\/L).<br \/>\nStabilit\u00e9 et conservation \u00e0 2-8\u00b0C :<br \/>\nAvant ouverture : 2 ans<br \/>\nR\u00e9actif de travail : 28 jours<\/p>\n<p><strong>Principe<\/strong><br \/>\nTechnique enzymatique avec calibrant s\u00e9rique.<br \/>\nR\u00e9actif pour le dosage de la lipase pancr\u00e9atique dans le s\u00e9rum ou le plasma humain.<br \/>\nR\u00e9action en 6 minutes \u00e0 37\u00b0C.<br \/>\nLecture en cin\u00e9tique \u00e0 550 nm.<\/p>\n","protected":false},"excerpt":{"rendered":"<p>Pr\u00e9sentation R1 : 5 x 30 mL R2 : 1 x 150 mL R3 : 1 x 50 mL R4 : 2 x 3 mL R5 : 2 x 5 mL Caract\u00e9ristiques Calibrant Lipase inclus Bir\u00e9actif Lyophilisat (flacon R1) Reconstitution rapide (2 minutes) avec tampon de dilution inclus (flacon R2) Lin\u00e9arit\u00e9 : jusqu\u2019\u00e0 750 UI\/L [&hellip;]<\/p>\n","protected":false},"featured_media":10426,"comment_status":"open","ping_status":"closed","template":"","meta":[],"product_brand":[],"product_cat":[15,358,356],"product_tag":[],"class_list":{"0":"post-10488","1":"product","2":"type-product","3":"status-publish","4":"has-post-thumbnail","6":"product_cat-non-classe","7":"product_cat-biochimie","8":"product_cat-laboratoire-danalyses-medicales","9":"ts_product_brand-biolabo","11":"first","12":"instock","13":"shipping-taxable","14":"purchasable","15":"product-type-simple","16":"add-to-wishlist-after_add_to_cart"},"_links":{"self":[{"href":"https:\/\/info.biofabmed.com\/index.php?rest_route=\/wp\/v2\/product\/10488","targetHints":{"allow":["GET"]}}],"collection":[{"href":"https:\/\/info.biofabmed.com\/index.php?rest_route=\/wp\/v2\/product"}],"about":[{"href":"https:\/\/info.biofabmed.com\/index.php?rest_route=\/wp\/v2\/types\/product"}],"replies":[{"embeddable":true,"href":"https:\/\/info.biofabmed.com\/index.php?rest_route=%2Fwp%2Fv2%2Fcomments&post=10488"}],"wp:featuredmedia":[{"embeddable":true,"href":"https:\/\/info.biofabmed.com\/index.php?rest_route=\/wp\/v2\/media\/10426"}],"wp:attachment":[{"href":"https:\/\/info.biofabmed.com\/index.php?rest_route=%2Fwp%2Fv2%2Fmedia&parent=10488"}],"wp:term":[{"taxonomy":"product_brand","embeddable":true,"href":"https:\/\/info.biofabmed.com\/index.php?rest_route=%2Fwp%2Fv2%2Fproduct_brand&post=10488"},{"taxonomy":"product_cat","embeddable":true,"href":"https:\/\/info.biofabmed.com\/index.php?rest_route=%2Fwp%2Fv2%2Fproduct_cat&post=10488"},{"taxonomy":"product_tag","embeddable":true,"href":"https:\/\/info.biofabmed.com\/index.php?rest_route=%2Fwp%2Fv2%2Fproduct_tag&post=10488"}],"curies":[{"name":"wp","href":"https:\/\/api.w.org\/{rel}","templated":true}]}}