{"id":10495,"date":"2025-12-12T22:49:34","date_gmt":"2025-12-12T21:49:34","guid":{"rendered":"https:\/\/info.biofabmed.com\/?post_type=product&#038;p=10495"},"modified":"2025-12-16T08:18:16","modified_gmt":"2025-12-16T07:18:16","slug":"exatrol-pathologique-105-ml-biolabo-2","status":"publish","type":"product","link":"https:\/\/info.biofabmed.com\/?product=exatrol-pathologique-105-ml-biolabo-2","title":{"rendered":"EXATROL PATHOLOGIQUE 10*5 ML Biolabo"},"content":{"rendered":"<p>EXATROL-P est un s\u00e9rum de contr\u00f4le pour analyses de biochimie clinique utilisable en m\u00e9thode manuelle ou avec analyseurs automatiques pour l\u2019\u00e9valuation de l\u2019exactitude et de la pr\u00e9cision des m\u00e9thodes de dosage et des analytes indiqu\u00e9s :<br \/>\nEnzymes : ALT (TGP), AST(TGO), Amylase, Gamma-GT, Phosphatases acides totales (PAT) et prostatiques (PAC), Phosphatase Alcaline (PAL), Lactate d\u00e9shydrog\u00e9nase (LDH), Cr\u00e9atine Kinase (CK), Lipase pancr\u00e9atique<br \/>\n\u00c9lectrolytes : Calcium, Chlorure, Fer, CTF, CLF, Magn\u00e9sium, Phosphore inorganique<br \/>\nProt\u00e9ines : Prot\u00e9ines Totales, Albumine<br \/>\nLipides : Cholest\u00e9rol Total, Triglyc\u00e9rides (TRI)<br \/>\nSubstrats: Bilirubine Totale &amp; directe, Cr\u00e9atinine, Glucose, Ur\u00e9e, Acide Urique<\/p>\n","protected":false},"excerpt":{"rendered":"<p>EXATROL-P est un s\u00e9rum de contr\u00f4le pour analyses de biochimie clinique utilisable en m\u00e9thode manuelle ou avec analyseurs automatiques pour l\u2019\u00e9valuation de l\u2019exactitude et de la pr\u00e9cision des m\u00e9thodes de dosage et des analytes indiqu\u00e9s : Enzymes : ALT (TGP), AST(TGO), Amylase, Gamma-GT, Phosphatases acides totales (PAT) et prostatiques (PAC), Phosphatase Alcaline (PAL), Lactate d\u00e9shydrog\u00e9nase [&hellip;]<\/p>\n","protected":false},"featured_media":10426,"comment_status":"open","ping_status":"closed","template":"","meta":[],"product_brand":[],"product_cat":[15,358,356],"product_tag":[],"class_list":{"0":"post-10495","1":"product","2":"type-product","3":"status-publish","4":"has-post-thumbnail","6":"product_cat-non-classe","7":"product_cat-biochimie","8":"product_cat-laboratoire-danalyses-medicales","9":"ts_product_brand-biolabo","11":"first","12":"instock","13":"shipping-taxable","14":"purchasable","15":"product-type-simple","16":"add-to-wishlist-after_add_to_cart"},"_links":{"self":[{"href":"https:\/\/info.biofabmed.com\/index.php?rest_route=\/wp\/v2\/product\/10495","targetHints":{"allow":["GET"]}}],"collection":[{"href":"https:\/\/info.biofabmed.com\/index.php?rest_route=\/wp\/v2\/product"}],"about":[{"href":"https:\/\/info.biofabmed.com\/index.php?rest_route=\/wp\/v2\/types\/product"}],"replies":[{"embeddable":true,"href":"https:\/\/info.biofabmed.com\/index.php?rest_route=%2Fwp%2Fv2%2Fcomments&post=10495"}],"wp:featuredmedia":[{"embeddable":true,"href":"https:\/\/info.biofabmed.com\/index.php?rest_route=\/wp\/v2\/media\/10426"}],"wp:attachment":[{"href":"https:\/\/info.biofabmed.com\/index.php?rest_route=%2Fwp%2Fv2%2Fmedia&parent=10495"}],"wp:term":[{"taxonomy":"product_brand","embeddable":true,"href":"https:\/\/info.biofabmed.com\/index.php?rest_route=%2Fwp%2Fv2%2Fproduct_brand&post=10495"},{"taxonomy":"product_cat","embeddable":true,"href":"https:\/\/info.biofabmed.com\/index.php?rest_route=%2Fwp%2Fv2%2Fproduct_cat&post=10495"},{"taxonomy":"product_tag","embeddable":true,"href":"https:\/\/info.biofabmed.com\/index.php?rest_route=%2Fwp%2Fv2%2Fproduct_tag&post=10495"}],"curies":[{"name":"wp","href":"https:\/\/api.w.org\/{rel}","templated":true}]}}