{"id":10498,"date":"2025-12-12T22:49:34","date_gmt":"2025-12-12T21:49:34","guid":{"rendered":"https:\/\/info.biofabmed.com\/?post_type=product&#038;p=10498"},"modified":"2025-12-16T08:18:15","modified_gmt":"2025-12-16T07:18:15","slug":"creatinine-2125-ml-biolabo-2","status":"publish","type":"product","link":"https:\/\/info.biofabmed.com\/?product=creatinine-2125-ml-biolabo-2","title":{"rendered":"CREATININE  2*125 ML Biolabo"},"content":{"rendered":"<p>Ce r\u00e9actif est r\u00e9serv\u00e9 pour un usage professionnel en laboratoire (m\u00e9thode manuelle ou automatis\u00e9e). Il permet de mesurer la quantit\u00e9 de cr\u00e9atinine pr\u00e9sente dans le s\u00e9rum et le plasma humains ou les urines.<\/p>\n<p>Monor\u00e9actif ou bi-r\u00e9actif.<br \/>\nR\u00e9actifs liquides pr\u00eats \u00e0 l\u2019emploi.<br \/>\nStandard inclus.<br \/>\nLin\u00e9arit\u00e9 : jusqu\u2019\u00e0 150 mg\/L (1327 \u00b5mol\/L).<br \/>\nStabilit\u00e9 et conservation : 3 ans \u00e0 18-25\u00b0C.<\/p>\n<p>M\u00e9thode de Jaff\u00e9, r\u00e9action colorim\u00e9trique.<br \/>\nR\u00e9actif pour le dosage quantitatif de la cr\u00e9atinine dans le s\u00e9rum ou le plasma humain, ou les urines.<br \/>\nLecture cin\u00e9tique \u00e0 490 nm (490-510).<\/p>\n","protected":false},"excerpt":{"rendered":"<p>Ce r\u00e9actif est r\u00e9serv\u00e9 pour un usage professionnel en laboratoire (m\u00e9thode manuelle ou automatis\u00e9e). Il permet de mesurer la quantit\u00e9 de cr\u00e9atinine pr\u00e9sente dans le s\u00e9rum et le plasma humains ou les urines. Monor\u00e9actif ou bi-r\u00e9actif. R\u00e9actifs liquides pr\u00eats \u00e0 l\u2019emploi. Standard inclus. Lin\u00e9arit\u00e9 : jusqu\u2019\u00e0 150 mg\/L (1327 \u00b5mol\/L). Stabilit\u00e9 et conservation : 3 [&hellip;]<\/p>\n","protected":false},"featured_media":10426,"comment_status":"open","ping_status":"closed","template":"","meta":[],"product_brand":[],"product_cat":[15,358,356],"product_tag":[],"class_list":{"0":"post-10498","1":"product","2":"type-product","3":"status-publish","4":"has-post-thumbnail","6":"product_cat-non-classe","7":"product_cat-biochimie","8":"product_cat-laboratoire-danalyses-medicales","9":"ts_product_brand-biolabo","11":"first","12":"instock","13":"shipping-taxable","14":"purchasable","15":"product-type-simple","16":"add-to-wishlist-after_add_to_cart"},"_links":{"self":[{"href":"https:\/\/info.biofabmed.com\/index.php?rest_route=\/wp\/v2\/product\/10498","targetHints":{"allow":["GET"]}}],"collection":[{"href":"https:\/\/info.biofabmed.com\/index.php?rest_route=\/wp\/v2\/product"}],"about":[{"href":"https:\/\/info.biofabmed.com\/index.php?rest_route=\/wp\/v2\/types\/product"}],"replies":[{"embeddable":true,"href":"https:\/\/info.biofabmed.com\/index.php?rest_route=%2Fwp%2Fv2%2Fcomments&post=10498"}],"wp:featuredmedia":[{"embeddable":true,"href":"https:\/\/info.biofabmed.com\/index.php?rest_route=\/wp\/v2\/media\/10426"}],"wp:attachment":[{"href":"https:\/\/info.biofabmed.com\/index.php?rest_route=%2Fwp%2Fv2%2Fmedia&parent=10498"}],"wp:term":[{"taxonomy":"product_brand","embeddable":true,"href":"https:\/\/info.biofabmed.com\/index.php?rest_route=%2Fwp%2Fv2%2Fproduct_brand&post=10498"},{"taxonomy":"product_cat","embeddable":true,"href":"https:\/\/info.biofabmed.com\/index.php?rest_route=%2Fwp%2Fv2%2Fproduct_cat&post=10498"},{"taxonomy":"product_tag","embeddable":true,"href":"https:\/\/info.biofabmed.com\/index.php?rest_route=%2Fwp%2Fv2%2Fproduct_tag&post=10498"}],"curies":[{"name":"wp","href":"https:\/\/api.w.org\/{rel}","templated":true}]}}