{"id":10511,"date":"2025-12-12T22:49:37","date_gmt":"2025-12-12T21:49:37","guid":{"rendered":"https:\/\/info.biofabmed.com\/?post_type=product&#038;p=10511"},"modified":"2025-12-16T08:18:14","modified_gmt":"2025-12-16T07:18:14","slug":"acide-urique-2100-ml-biolabo-2","status":"publish","type":"product","link":"https:\/\/info.biofabmed.com\/?product=acide-urique-2100-ml-biolabo-2","title":{"rendered":"ACIDE URIQUE 2*100 ML BIOLABO"},"content":{"rendered":"<p>L\u2019uricase agit sur l\u2019acide urique pour produire de l\u2019allanto\u00efne, du dioxyde de carbone et du peroxyde d\u2019hydrog\u00e8ne. En pr\u00e9sence de peroxydase, le peroxyde d\u2019hydrog\u00e8ne r\u00e9agit avec un chromog\u00e8ne(dichloro-hydroxybenz\u00e8ne sulfonate et amino-antipyrine) pour former une quinon\u00e9imine, complexe de couleur rouge. L\u2019absorbance mesur\u00e9e \u00e0 505 nm (495-505), est proportionnelle \u00e0 la quantit\u00e9 d\u2019acide urique dans le sp\u00e9cimen.<\/p>\n","protected":false},"excerpt":{"rendered":"<p>L\u2019uricase agit sur l\u2019acide urique pour produire de l\u2019allanto\u00efne, du dioxyde de carbone et du peroxyde d\u2019hydrog\u00e8ne. En pr\u00e9sence de peroxydase, le peroxyde d\u2019hydrog\u00e8ne r\u00e9agit avec un chromog\u00e8ne(dichloro-hydroxybenz\u00e8ne sulfonate et amino-antipyrine) pour former une quinon\u00e9imine, complexe de couleur rouge. L\u2019absorbance mesur\u00e9e \u00e0 505 nm (495-505), est proportionnelle \u00e0 la quantit\u00e9 d\u2019acide urique dans le sp\u00e9cimen.<\/p>\n","protected":false},"featured_media":10426,"comment_status":"open","ping_status":"closed","template":"","meta":[],"product_brand":[],"product_cat":[358,356,15],"product_tag":[],"class_list":{"0":"post-10511","1":"product","2":"type-product","3":"status-publish","4":"has-post-thumbnail","6":"product_cat-biochimie","7":"product_cat-laboratoire-danalyses-medicales","8":"product_cat-non-classe","9":"ts_product_brand-biolabo","11":"first","12":"instock","13":"shipping-taxable","14":"purchasable","15":"product-type-simple","16":"add-to-wishlist-after_add_to_cart"},"_links":{"self":[{"href":"https:\/\/info.biofabmed.com\/index.php?rest_route=\/wp\/v2\/product\/10511","targetHints":{"allow":["GET"]}}],"collection":[{"href":"https:\/\/info.biofabmed.com\/index.php?rest_route=\/wp\/v2\/product"}],"about":[{"href":"https:\/\/info.biofabmed.com\/index.php?rest_route=\/wp\/v2\/types\/product"}],"replies":[{"embeddable":true,"href":"https:\/\/info.biofabmed.com\/index.php?rest_route=%2Fwp%2Fv2%2Fcomments&post=10511"}],"wp:featuredmedia":[{"embeddable":true,"href":"https:\/\/info.biofabmed.com\/index.php?rest_route=\/wp\/v2\/media\/10426"}],"wp:attachment":[{"href":"https:\/\/info.biofabmed.com\/index.php?rest_route=%2Fwp%2Fv2%2Fmedia&parent=10511"}],"wp:term":[{"taxonomy":"product_brand","embeddable":true,"href":"https:\/\/info.biofabmed.com\/index.php?rest_route=%2Fwp%2Fv2%2Fproduct_brand&post=10511"},{"taxonomy":"product_cat","embeddable":true,"href":"https:\/\/info.biofabmed.com\/index.php?rest_route=%2Fwp%2Fv2%2Fproduct_cat&post=10511"},{"taxonomy":"product_tag","embeddable":true,"href":"https:\/\/info.biofabmed.com\/index.php?rest_route=%2Fwp%2Fv2%2Fproduct_tag&post=10511"}],"curies":[{"name":"wp","href":"https:\/\/api.w.org\/{rel}","templated":true}]}}