{"id":10605,"date":"2025-12-12T22:49:52","date_gmt":"2025-12-12T21:49:52","guid":{"rendered":"https:\/\/info.biofabmed.com\/?post_type=product&#038;p=10605"},"modified":"2025-12-15T19:54:33","modified_gmt":"2025-12-15T18:54:33","slug":"vidas-anti-tpo-30-t-2","status":"publish","type":"product","link":"https:\/\/info.biofabmed.com\/?product=vidas-anti-tpo-30-t-2","title":{"rendered":"VIDAS ANTI-TPO            30 T"},"content":{"rendered":"<p>Le test VIDAS Anti-TPO est un test immuno-enzymatique destin\u00e9 \u00e0 d\u00e9tecter les anticorps dirig\u00e9s contre la thyroperoxydase (TPO), une enzyme cl\u00e9 impliqu\u00e9e dans la production d&#8217;hormones thyro\u00efdiennes. La pr\u00e9sence d&#8217;anticorps anti-TPO est souvent associ\u00e9e \u00e0 des maladies auto-immunes thyro\u00efdiennes, telles que la thyro\u00efdite de Hashimoto et la maladie de Basedow. Ce test est donc utilis\u00e9 pour le diagnostic et le suivi de ces conditions, ainsi que pour \u00e9valuer le risque de d\u00e9velopper des troubles thyro\u00efdiens.<\/p>\n","protected":false},"excerpt":{"rendered":"<p>Le test VIDAS Anti-TPO est un test immuno-enzymatique destin\u00e9 \u00e0 d\u00e9tecter les anticorps dirig\u00e9s contre la thyroperoxydase (TPO), une enzyme cl\u00e9 impliqu\u00e9e dans la production d&#8217;hormones thyro\u00efdiennes. La pr\u00e9sence d&#8217;anticorps anti-TPO est souvent associ\u00e9e \u00e0 des maladies auto-immunes thyro\u00efdiennes, telles que la thyro\u00efdite de Hashimoto et la maladie de Basedow. Ce test est donc utilis\u00e9 [&hellip;]<\/p>\n","protected":false},"featured_media":10461,"comment_status":"open","ping_status":"closed","template":"","meta":[],"product_brand":[],"product_cat":[360,356,15],"product_tag":[],"class_list":{"0":"post-10605","1":"product","2":"type-product","3":"status-publish","4":"has-post-thumbnail","6":"product_cat-hormono-immunologie-serologie","7":"product_cat-laboratoire-danalyses-medicales","8":"product_cat-non-classe","9":"ts_product_brand-vidas-biomerieux","11":"first","12":"instock","13":"shipping-taxable","14":"purchasable","15":"product-type-simple","16":"add-to-wishlist-after_add_to_cart"},"_links":{"self":[{"href":"https:\/\/info.biofabmed.com\/index.php?rest_route=\/wp\/v2\/product\/10605","targetHints":{"allow":["GET"]}}],"collection":[{"href":"https:\/\/info.biofabmed.com\/index.php?rest_route=\/wp\/v2\/product"}],"about":[{"href":"https:\/\/info.biofabmed.com\/index.php?rest_route=\/wp\/v2\/types\/product"}],"replies":[{"embeddable":true,"href":"https:\/\/info.biofabmed.com\/index.php?rest_route=%2Fwp%2Fv2%2Fcomments&post=10605"}],"wp:featuredmedia":[{"embeddable":true,"href":"https:\/\/info.biofabmed.com\/index.php?rest_route=\/wp\/v2\/media\/10461"}],"wp:attachment":[{"href":"https:\/\/info.biofabmed.com\/index.php?rest_route=%2Fwp%2Fv2%2Fmedia&parent=10605"}],"wp:term":[{"taxonomy":"product_brand","embeddable":true,"href":"https:\/\/info.biofabmed.com\/index.php?rest_route=%2Fwp%2Fv2%2Fproduct_brand&post=10605"},{"taxonomy":"product_cat","embeddable":true,"href":"https:\/\/info.biofabmed.com\/index.php?rest_route=%2Fwp%2Fv2%2Fproduct_cat&post=10605"},{"taxonomy":"product_tag","embeddable":true,"href":"https:\/\/info.biofabmed.com\/index.php?rest_route=%2Fwp%2Fv2%2Fproduct_tag&post=10605"}],"curies":[{"name":"wp","href":"https:\/\/api.w.org\/{rel}","templated":true}]}}