{"id":10612,"date":"2025-12-12T22:49:52","date_gmt":"2025-12-12T21:49:52","guid":{"rendered":"https:\/\/info.biofabmed.com\/?post_type=product&#038;p=10612"},"modified":"2025-12-15T19:54:34","modified_gmt":"2025-12-15T18:54:34","slug":"vidas-anti-hav-total-2","status":"publish","type":"product","link":"https:\/\/info.biofabmed.com\/?product=vidas-anti-hav-total-2","title":{"rendered":"VIDAS ANTI-HAV TOTAL"},"content":{"rendered":"<p>Le test VIDAS Anti-HAV Total est un test immunologique qui d\u00e9tecte les anticorps totaux dirig\u00e9s contre l&#8217;antig\u00e8ne de surface du virus de l&#8217;h\u00e9patite A (anti-HAV). La pr\u00e9sence d&#8217;anticorps anti-HAV indique une exposition pass\u00e9e ou actuelle au virus de l&#8217;h\u00e9patite A. Ce test est utilis\u00e9 dans le diagnostic de l&#8217;infection par le virus de l&#8217;h\u00e9patite A et dans l&#8217;\u00e9valuation de l&#8217;immunit\u00e9 contre cette maladie virale.<\/p>\n","protected":false},"excerpt":{"rendered":"<p>Le test VIDAS Anti-HAV Total est un test immunologique qui d\u00e9tecte les anticorps totaux dirig\u00e9s contre l&#8217;antig\u00e8ne de surface du virus de l&#8217;h\u00e9patite A (anti-HAV). La pr\u00e9sence d&#8217;anticorps anti-HAV indique une exposition pass\u00e9e ou actuelle au virus de l&#8217;h\u00e9patite A. Ce test est utilis\u00e9 dans le diagnostic de l&#8217;infection par le virus de l&#8217;h\u00e9patite A [&hellip;]<\/p>\n","protected":false},"featured_media":10461,"comment_status":"open","ping_status":"closed","template":"","meta":[],"product_brand":[],"product_cat":[15,360,356],"product_tag":[],"class_list":{"0":"post-10612","1":"product","2":"type-product","3":"status-publish","4":"has-post-thumbnail","6":"product_cat-non-classe","7":"product_cat-hormono-immunologie-serologie","8":"product_cat-laboratoire-danalyses-medicales","9":"ts_product_brand-vidas-biomerieux","11":"first","12":"instock","13":"shipping-taxable","14":"purchasable","15":"product-type-simple","16":"add-to-wishlist-after_add_to_cart"},"_links":{"self":[{"href":"https:\/\/info.biofabmed.com\/index.php?rest_route=\/wp\/v2\/product\/10612","targetHints":{"allow":["GET"]}}],"collection":[{"href":"https:\/\/info.biofabmed.com\/index.php?rest_route=\/wp\/v2\/product"}],"about":[{"href":"https:\/\/info.biofabmed.com\/index.php?rest_route=\/wp\/v2\/types\/product"}],"replies":[{"embeddable":true,"href":"https:\/\/info.biofabmed.com\/index.php?rest_route=%2Fwp%2Fv2%2Fcomments&post=10612"}],"wp:featuredmedia":[{"embeddable":true,"href":"https:\/\/info.biofabmed.com\/index.php?rest_route=\/wp\/v2\/media\/10461"}],"wp:attachment":[{"href":"https:\/\/info.biofabmed.com\/index.php?rest_route=%2Fwp%2Fv2%2Fmedia&parent=10612"}],"wp:term":[{"taxonomy":"product_brand","embeddable":true,"href":"https:\/\/info.biofabmed.com\/index.php?rest_route=%2Fwp%2Fv2%2Fproduct_brand&post=10612"},{"taxonomy":"product_cat","embeddable":true,"href":"https:\/\/info.biofabmed.com\/index.php?rest_route=%2Fwp%2Fv2%2Fproduct_cat&post=10612"},{"taxonomy":"product_tag","embeddable":true,"href":"https:\/\/info.biofabmed.com\/index.php?rest_route=%2Fwp%2Fv2%2Fproduct_tag&post=10612"}],"curies":[{"name":"wp","href":"https:\/\/api.w.org\/{rel}","templated":true}]}}