{"id":10627,"date":"2025-12-12T22:49:55","date_gmt":"2025-12-12T21:49:55","guid":{"rendered":"https:\/\/info.biofabmed.com\/?post_type=product&#038;p=10627"},"modified":"2025-12-15T19:54:36","modified_gmt":"2025-12-15T18:54:36","slug":"vidas-rub-igg-ii-60-tests-2","status":"publish","type":"product","link":"https:\/\/info.biofabmed.com\/?product=vidas-rub-igg-ii-60-tests-2","title":{"rendered":"VIDAS RUB IGG II      60 TESTS"},"content":{"rendered":"<p>Le test VIDAS Rub IgG II est un test immunologique utilis\u00e9 pour d\u00e9tecter les anticorps de type IgG dirig\u00e9s contre le virus de la rub\u00e9ole (RV). Il est utilis\u00e9 pour d\u00e9terminer l&#8217;immunit\u00e9 ant\u00e9rieure \u00e0 la rub\u00e9ole chez les individus et pour \u00e9valuer le statut immunitaire avant la vaccination ou pendant la grossesse pour \u00e9valuer le risque de transmission de la rub\u00e9ole de la m\u00e8re au f\u0153tus.<\/p>\n","protected":false},"excerpt":{"rendered":"<p>Le test VIDAS Rub IgG II est un test immunologique utilis\u00e9 pour d\u00e9tecter les anticorps de type IgG dirig\u00e9s contre le virus de la rub\u00e9ole (RV). Il est utilis\u00e9 pour d\u00e9terminer l&#8217;immunit\u00e9 ant\u00e9rieure \u00e0 la rub\u00e9ole chez les individus et pour \u00e9valuer le statut immunitaire avant la vaccination ou pendant la grossesse pour \u00e9valuer le [&hellip;]<\/p>\n","protected":false},"featured_media":10461,"comment_status":"open","ping_status":"closed","template":"","meta":[],"product_brand":[],"product_cat":[360,356,15],"product_tag":[],"class_list":{"0":"post-10627","1":"product","2":"type-product","3":"status-publish","4":"has-post-thumbnail","6":"product_cat-hormono-immunologie-serologie","7":"product_cat-laboratoire-danalyses-medicales","8":"product_cat-non-classe","9":"ts_product_brand-vidas-biomerieux","11":"first","12":"instock","13":"shipping-taxable","14":"purchasable","15":"product-type-simple","16":"add-to-wishlist-after_add_to_cart"},"_links":{"self":[{"href":"https:\/\/info.biofabmed.com\/index.php?rest_route=\/wp\/v2\/product\/10627","targetHints":{"allow":["GET"]}}],"collection":[{"href":"https:\/\/info.biofabmed.com\/index.php?rest_route=\/wp\/v2\/product"}],"about":[{"href":"https:\/\/info.biofabmed.com\/index.php?rest_route=\/wp\/v2\/types\/product"}],"replies":[{"embeddable":true,"href":"https:\/\/info.biofabmed.com\/index.php?rest_route=%2Fwp%2Fv2%2Fcomments&post=10627"}],"wp:featuredmedia":[{"embeddable":true,"href":"https:\/\/info.biofabmed.com\/index.php?rest_route=\/wp\/v2\/media\/10461"}],"wp:attachment":[{"href":"https:\/\/info.biofabmed.com\/index.php?rest_route=%2Fwp%2Fv2%2Fmedia&parent=10627"}],"wp:term":[{"taxonomy":"product_brand","embeddable":true,"href":"https:\/\/info.biofabmed.com\/index.php?rest_route=%2Fwp%2Fv2%2Fproduct_brand&post=10627"},{"taxonomy":"product_cat","embeddable":true,"href":"https:\/\/info.biofabmed.com\/index.php?rest_route=%2Fwp%2Fv2%2Fproduct_cat&post=10627"},{"taxonomy":"product_tag","embeddable":true,"href":"https:\/\/info.biofabmed.com\/index.php?rest_route=%2Fwp%2Fv2%2Fproduct_tag&post=10627"}],"curies":[{"name":"wp","href":"https:\/\/api.w.org\/{rel}","templated":true}]}}