{"id":10645,"date":"2025-12-12T22:49:56","date_gmt":"2025-12-12T21:49:56","guid":{"rendered":"https:\/\/info.biofabmed.com\/?post_type=product&#038;p=10645"},"modified":"2025-12-15T19:54:39","modified_gmt":"2025-12-15T18:54:39","slug":"vidas-cortisol-30-tests-2","status":"publish","type":"product","link":"https:\/\/info.biofabmed.com\/?product=vidas-cortisol-30-tests-2","title":{"rendered":"VIDAS CORTISOL 30 TESTS"},"content":{"rendered":"<p>Le test VIDAS Cortisol est un test immunologique utilis\u00e9 pour mesurer la concentration de cortisol, une hormone de stress, dans le s\u00e9rum sanguin. Le cortisol joue un r\u00f4le crucial dans la r\u00e9ponse au stress et dans la r\u00e9gulation de nombreux processus physiologiques. Ce test est utilis\u00e9 dans le diagnostic et le suivi des troubles endocriniens, tels que le syndrome de Cushing et l&#8217;insuffisance surr\u00e9nalienne.<\/p>\n","protected":false},"excerpt":{"rendered":"<p>Le test VIDAS Cortisol est un test immunologique utilis\u00e9 pour mesurer la concentration de cortisol, une hormone de stress, dans le s\u00e9rum sanguin. Le cortisol joue un r\u00f4le crucial dans la r\u00e9ponse au stress et dans la r\u00e9gulation de nombreux processus physiologiques. Ce test est utilis\u00e9 dans le diagnostic et le suivi des troubles endocriniens, [&hellip;]<\/p>\n","protected":false},"featured_media":10461,"comment_status":"open","ping_status":"closed","template":"","meta":[],"product_brand":[],"product_cat":[360,356,15],"product_tag":[],"class_list":{"0":"post-10645","1":"product","2":"type-product","3":"status-publish","4":"has-post-thumbnail","6":"product_cat-hormono-immunologie-serologie","7":"product_cat-laboratoire-danalyses-medicales","8":"product_cat-non-classe","9":"ts_product_brand-vidas-biomerieux","11":"first","12":"instock","13":"shipping-taxable","14":"purchasable","15":"product-type-simple","16":"add-to-wishlist-after_add_to_cart"},"_links":{"self":[{"href":"https:\/\/info.biofabmed.com\/index.php?rest_route=\/wp\/v2\/product\/10645","targetHints":{"allow":["GET"]}}],"collection":[{"href":"https:\/\/info.biofabmed.com\/index.php?rest_route=\/wp\/v2\/product"}],"about":[{"href":"https:\/\/info.biofabmed.com\/index.php?rest_route=\/wp\/v2\/types\/product"}],"replies":[{"embeddable":true,"href":"https:\/\/info.biofabmed.com\/index.php?rest_route=%2Fwp%2Fv2%2Fcomments&post=10645"}],"wp:featuredmedia":[{"embeddable":true,"href":"https:\/\/info.biofabmed.com\/index.php?rest_route=\/wp\/v2\/media\/10461"}],"wp:attachment":[{"href":"https:\/\/info.biofabmed.com\/index.php?rest_route=%2Fwp%2Fv2%2Fmedia&parent=10645"}],"wp:term":[{"taxonomy":"product_brand","embeddable":true,"href":"https:\/\/info.biofabmed.com\/index.php?rest_route=%2Fwp%2Fv2%2Fproduct_brand&post=10645"},{"taxonomy":"product_cat","embeddable":true,"href":"https:\/\/info.biofabmed.com\/index.php?rest_route=%2Fwp%2Fv2%2Fproduct_cat&post=10645"},{"taxonomy":"product_tag","embeddable":true,"href":"https:\/\/info.biofabmed.com\/index.php?rest_route=%2Fwp%2Fv2%2Fproduct_tag&post=10645"}],"curies":[{"name":"wp","href":"https:\/\/api.w.org\/{rel}","templated":true}]}}