{"id":10646,"date":"2025-12-12T22:49:56","date_gmt":"2025-12-12T21:49:56","guid":{"rendered":"https:\/\/info.biofabmed.com\/?post_type=product&#038;p=10646"},"modified":"2025-12-15T19:54:39","modified_gmt":"2025-12-15T18:54:39","slug":"vidas-anti-hbc-total-ii-2","status":"publish","type":"product","link":"https:\/\/info.biofabmed.com\/?product=vidas-anti-hbc-total-ii-2","title":{"rendered":"VIDAS ANTI-HBC TOTAL II"},"content":{"rendered":"<p>Le test VIDAS Anti-HBc Total II est un test immunologique utilis\u00e9 pour d\u00e9tecter les anticorps totaux dirig\u00e9s contre l&#8217;antig\u00e8ne de core du virus de l&#8217;h\u00e9patite B (HBcAg). La pr\u00e9sence d&#8217;anticorps anti-HBc indique une exposition ant\u00e9rieure au virus de l&#8217;h\u00e9patite B. Ce test est utilis\u00e9 pour \u00e9valuer l&#8217;immunit\u00e9 ant\u00e9rieure au VHB chez les individus et pour le diagnostic des infections pass\u00e9es.<\/p>\n","protected":false},"excerpt":{"rendered":"<p>Le test VIDAS Anti-HBc Total II est un test immunologique utilis\u00e9 pour d\u00e9tecter les anticorps totaux dirig\u00e9s contre l&#8217;antig\u00e8ne de core du virus de l&#8217;h\u00e9patite B (HBcAg). La pr\u00e9sence d&#8217;anticorps anti-HBc indique une exposition ant\u00e9rieure au virus de l&#8217;h\u00e9patite B. Ce test est utilis\u00e9 pour \u00e9valuer l&#8217;immunit\u00e9 ant\u00e9rieure au VHB chez les individus et pour [&hellip;]<\/p>\n","protected":false},"featured_media":10461,"comment_status":"open","ping_status":"closed","template":"","meta":[],"product_brand":[],"product_cat":[360,356,15],"product_tag":[],"class_list":{"0":"post-10646","1":"product","2":"type-product","3":"status-publish","4":"has-post-thumbnail","6":"product_cat-hormono-immunologie-serologie","7":"product_cat-laboratoire-danalyses-medicales","8":"product_cat-non-classe","9":"ts_product_brand-vidas-biomerieux","11":"first","12":"instock","13":"shipping-taxable","14":"purchasable","15":"product-type-simple","16":"add-to-wishlist-after_add_to_cart"},"_links":{"self":[{"href":"https:\/\/info.biofabmed.com\/index.php?rest_route=\/wp\/v2\/product\/10646","targetHints":{"allow":["GET"]}}],"collection":[{"href":"https:\/\/info.biofabmed.com\/index.php?rest_route=\/wp\/v2\/product"}],"about":[{"href":"https:\/\/info.biofabmed.com\/index.php?rest_route=\/wp\/v2\/types\/product"}],"replies":[{"embeddable":true,"href":"https:\/\/info.biofabmed.com\/index.php?rest_route=%2Fwp%2Fv2%2Fcomments&post=10646"}],"wp:featuredmedia":[{"embeddable":true,"href":"https:\/\/info.biofabmed.com\/index.php?rest_route=\/wp\/v2\/media\/10461"}],"wp:attachment":[{"href":"https:\/\/info.biofabmed.com\/index.php?rest_route=%2Fwp%2Fv2%2Fmedia&parent=10646"}],"wp:term":[{"taxonomy":"product_brand","embeddable":true,"href":"https:\/\/info.biofabmed.com\/index.php?rest_route=%2Fwp%2Fv2%2Fproduct_brand&post=10646"},{"taxonomy":"product_cat","embeddable":true,"href":"https:\/\/info.biofabmed.com\/index.php?rest_route=%2Fwp%2Fv2%2Fproduct_cat&post=10646"},{"taxonomy":"product_tag","embeddable":true,"href":"https:\/\/info.biofabmed.com\/index.php?rest_route=%2Fwp%2Fv2%2Fproduct_tag&post=10646"}],"curies":[{"name":"wp","href":"https:\/\/api.w.org\/{rel}","templated":true}]}}