{"id":10654,"date":"2025-12-12T22:49:59","date_gmt":"2025-12-12T21:49:59","guid":{"rendered":"https:\/\/info.biofabmed.com\/?post_type=product&#038;p=10654"},"modified":"2025-12-15T19:54:40","modified_gmt":"2025-12-15T18:54:40","slug":"vidas-amh-30-tests-2","status":"publish","type":"product","link":"https:\/\/info.biofabmed.com\/?product=vidas-amh-30-tests-2","title":{"rendered":"VIDAS AMH 30 TESTS"},"content":{"rendered":"<p>Le test VIDAS AMH est un test immunologique utilis\u00e9 pour mesurer la concentration de l&#8217;hormone antim\u00fcll\u00e9rienne (AMH) dans le s\u00e9rum sanguin. L&#8217;AMH est produite par les ovaires et est souvent utilis\u00e9e comme marqueur de la r\u00e9serve ovarienne chez les femmes. Ce test est utilis\u00e9 dans l&#8217;\u00e9valuation de la fertilit\u00e9, notamment pour pr\u00e9dire la r\u00e9ponse \u00e0 la stimulation ovarienne lors de traitements de procr\u00e9ation m\u00e9dicalement assist\u00e9e.<\/p>\n","protected":false},"excerpt":{"rendered":"<p>Le test VIDAS AMH est un test immunologique utilis\u00e9 pour mesurer la concentration de l&#8217;hormone antim\u00fcll\u00e9rienne (AMH) dans le s\u00e9rum sanguin. L&#8217;AMH est produite par les ovaires et est souvent utilis\u00e9e comme marqueur de la r\u00e9serve ovarienne chez les femmes. Ce test est utilis\u00e9 dans l&#8217;\u00e9valuation de la fertilit\u00e9, notamment pour pr\u00e9dire la r\u00e9ponse \u00e0 [&hellip;]<\/p>\n","protected":false},"featured_media":10461,"comment_status":"open","ping_status":"closed","template":"","meta":[],"product_brand":[],"product_cat":[15,360,356],"product_tag":[],"class_list":{"0":"post-10654","1":"product","2":"type-product","3":"status-publish","4":"has-post-thumbnail","6":"product_cat-non-classe","7":"product_cat-hormono-immunologie-serologie","8":"product_cat-laboratoire-danalyses-medicales","9":"ts_product_brand-vidas-biomerieux","11":"first","12":"instock","13":"shipping-taxable","14":"purchasable","15":"product-type-simple","16":"add-to-wishlist-after_add_to_cart"},"_links":{"self":[{"href":"https:\/\/info.biofabmed.com\/index.php?rest_route=\/wp\/v2\/product\/10654","targetHints":{"allow":["GET"]}}],"collection":[{"href":"https:\/\/info.biofabmed.com\/index.php?rest_route=\/wp\/v2\/product"}],"about":[{"href":"https:\/\/info.biofabmed.com\/index.php?rest_route=\/wp\/v2\/types\/product"}],"replies":[{"embeddable":true,"href":"https:\/\/info.biofabmed.com\/index.php?rest_route=%2Fwp%2Fv2%2Fcomments&post=10654"}],"wp:featuredmedia":[{"embeddable":true,"href":"https:\/\/info.biofabmed.com\/index.php?rest_route=\/wp\/v2\/media\/10461"}],"wp:attachment":[{"href":"https:\/\/info.biofabmed.com\/index.php?rest_route=%2Fwp%2Fv2%2Fmedia&parent=10654"}],"wp:term":[{"taxonomy":"product_brand","embeddable":true,"href":"https:\/\/info.biofabmed.com\/index.php?rest_route=%2Fwp%2Fv2%2Fproduct_brand&post=10654"},{"taxonomy":"product_cat","embeddable":true,"href":"https:\/\/info.biofabmed.com\/index.php?rest_route=%2Fwp%2Fv2%2Fproduct_cat&post=10654"},{"taxonomy":"product_tag","embeddable":true,"href":"https:\/\/info.biofabmed.com\/index.php?rest_route=%2Fwp%2Fv2%2Fproduct_tag&post=10654"}],"curies":[{"name":"wp","href":"https:\/\/api.w.org\/{rel}","templated":true}]}}