{"id":10655,"date":"2025-12-12T22:49:59","date_gmt":"2025-12-12T21:49:59","guid":{"rendered":"https:\/\/info.biofabmed.com\/?post_type=product&#038;p=10655"},"modified":"2025-12-15T19:54:40","modified_gmt":"2025-12-15T18:54:40","slug":"vidas-anti-hbs-total-ii-60t-2","status":"publish","type":"product","link":"https:\/\/info.biofabmed.com\/?product=vidas-anti-hbs-total-ii-60t-2","title":{"rendered":"VIDAS ANTI HBS TOTAL II    60T"},"content":{"rendered":"<p>Le test VIDAS Anti-HBs Total II est un test immunologique utilis\u00e9 pour d\u00e9tecter les anticorps totaux dirig\u00e9s contre l&#8217;antig\u00e8ne de surface du virus de l&#8217;h\u00e9patite B (HBsAg). La pr\u00e9sence d&#8217;anticorps anti-HBs indique une immunit\u00e9 \u00e0 long terme contre le virus de l&#8217;h\u00e9patite B, soit par exposition naturelle, soit par vaccination. Ce test est utilis\u00e9 pour \u00e9valuer l&#8217;immunit\u00e9 ant\u00e9rieure au VHB chez les individus.<\/p>\n","protected":false},"excerpt":{"rendered":"<p>Le test VIDAS Anti-HBs Total II est un test immunologique utilis\u00e9 pour d\u00e9tecter les anticorps totaux dirig\u00e9s contre l&#8217;antig\u00e8ne de surface du virus de l&#8217;h\u00e9patite B (HBsAg). La pr\u00e9sence d&#8217;anticorps anti-HBs indique une immunit\u00e9 \u00e0 long terme contre le virus de l&#8217;h\u00e9patite B, soit par exposition naturelle, soit par vaccination. Ce test est utilis\u00e9 pour [&hellip;]<\/p>\n","protected":false},"featured_media":10461,"comment_status":"open","ping_status":"closed","template":"","meta":[],"product_brand":[],"product_cat":[360,356,15],"product_tag":[],"class_list":{"0":"post-10655","1":"product","2":"type-product","3":"status-publish","4":"has-post-thumbnail","6":"product_cat-hormono-immunologie-serologie","7":"product_cat-laboratoire-danalyses-medicales","8":"product_cat-non-classe","9":"ts_product_brand-vidas-biomerieux","11":"first","12":"instock","13":"shipping-taxable","14":"purchasable","15":"product-type-simple","16":"add-to-wishlist-after_add_to_cart"},"_links":{"self":[{"href":"https:\/\/info.biofabmed.com\/index.php?rest_route=\/wp\/v2\/product\/10655","targetHints":{"allow":["GET"]}}],"collection":[{"href":"https:\/\/info.biofabmed.com\/index.php?rest_route=\/wp\/v2\/product"}],"about":[{"href":"https:\/\/info.biofabmed.com\/index.php?rest_route=\/wp\/v2\/types\/product"}],"replies":[{"embeddable":true,"href":"https:\/\/info.biofabmed.com\/index.php?rest_route=%2Fwp%2Fv2%2Fcomments&post=10655"}],"wp:featuredmedia":[{"embeddable":true,"href":"https:\/\/info.biofabmed.com\/index.php?rest_route=\/wp\/v2\/media\/10461"}],"wp:attachment":[{"href":"https:\/\/info.biofabmed.com\/index.php?rest_route=%2Fwp%2Fv2%2Fmedia&parent=10655"}],"wp:term":[{"taxonomy":"product_brand","embeddable":true,"href":"https:\/\/info.biofabmed.com\/index.php?rest_route=%2Fwp%2Fv2%2Fproduct_brand&post=10655"},{"taxonomy":"product_cat","embeddable":true,"href":"https:\/\/info.biofabmed.com\/index.php?rest_route=%2Fwp%2Fv2%2Fproduct_cat&post=10655"},{"taxonomy":"product_tag","embeddable":true,"href":"https:\/\/info.biofabmed.com\/index.php?rest_route=%2Fwp%2Fv2%2Fproduct_tag&post=10655"}],"curies":[{"name":"wp","href":"https:\/\/api.w.org\/{rel}","templated":true}]}}