{"id":10662,"date":"2025-12-12T22:49:59","date_gmt":"2025-12-12T21:49:59","guid":{"rendered":"https:\/\/info.biofabmed.com\/?post_type=product&#038;p=10662"},"modified":"2025-12-15T19:54:41","modified_gmt":"2025-12-15T18:54:41","slug":"vidas-anti-dengue-igm-60-tests-2","status":"publish","type":"product","link":"https:\/\/info.biofabmed.com\/?product=vidas-anti-dengue-igm-60-tests-2","title":{"rendered":"VIDAS ANTI-DENGUE IGM\u00a060\u00a0TESTS"},"content":{"rendered":"<p>Le test VIDAS Anti-Dengue IgM est un test immunologique utilis\u00e9 pour d\u00e9tecter les anticorps de type IgM dirig\u00e9s contre le virus de la dengue. Les anticorps IgM anti-dengue apparaissent g\u00e9n\u00e9ralement pendant la phase aigu\u00eb de l&#8217;infection par le virus de la dengue et sont utiles pour diagnostiquer une infection r\u00e9cente. Ce test est utilis\u00e9 pour le diagnostic de la dengue chez les patients pr\u00e9sentant des sympt\u00f4mes compatibles.<\/p>\n","protected":false},"excerpt":{"rendered":"<p>Le test VIDAS Anti-Dengue IgM est un test immunologique utilis\u00e9 pour d\u00e9tecter les anticorps de type IgM dirig\u00e9s contre le virus de la dengue. Les anticorps IgM anti-dengue apparaissent g\u00e9n\u00e9ralement pendant la phase aigu\u00eb de l&#8217;infection par le virus de la dengue et sont utiles pour diagnostiquer une infection r\u00e9cente. Ce test est utilis\u00e9 pour [&hellip;]<\/p>\n","protected":false},"featured_media":10461,"comment_status":"open","ping_status":"closed","template":"","meta":[],"product_brand":[],"product_cat":[360,356,15],"product_tag":[],"class_list":{"0":"post-10662","1":"product","2":"type-product","3":"status-publish","4":"has-post-thumbnail","6":"product_cat-hormono-immunologie-serologie","7":"product_cat-laboratoire-danalyses-medicales","8":"product_cat-non-classe","9":"ts_product_brand-vidas-biomerieux","11":"first","12":"instock","13":"shipping-taxable","14":"purchasable","15":"product-type-simple","16":"add-to-wishlist-after_add_to_cart"},"_links":{"self":[{"href":"https:\/\/info.biofabmed.com\/index.php?rest_route=\/wp\/v2\/product\/10662","targetHints":{"allow":["GET"]}}],"collection":[{"href":"https:\/\/info.biofabmed.com\/index.php?rest_route=\/wp\/v2\/product"}],"about":[{"href":"https:\/\/info.biofabmed.com\/index.php?rest_route=\/wp\/v2\/types\/product"}],"replies":[{"embeddable":true,"href":"https:\/\/info.biofabmed.com\/index.php?rest_route=%2Fwp%2Fv2%2Fcomments&post=10662"}],"wp:featuredmedia":[{"embeddable":true,"href":"https:\/\/info.biofabmed.com\/index.php?rest_route=\/wp\/v2\/media\/10461"}],"wp:attachment":[{"href":"https:\/\/info.biofabmed.com\/index.php?rest_route=%2Fwp%2Fv2%2Fmedia&parent=10662"}],"wp:term":[{"taxonomy":"product_brand","embeddable":true,"href":"https:\/\/info.biofabmed.com\/index.php?rest_route=%2Fwp%2Fv2%2Fproduct_brand&post=10662"},{"taxonomy":"product_cat","embeddable":true,"href":"https:\/\/info.biofabmed.com\/index.php?rest_route=%2Fwp%2Fv2%2Fproduct_cat&post=10662"},{"taxonomy":"product_tag","embeddable":true,"href":"https:\/\/info.biofabmed.com\/index.php?rest_route=%2Fwp%2Fv2%2Fproduct_tag&post=10662"}],"curies":[{"name":"wp","href":"https:\/\/api.w.org\/{rel}","templated":true}]}}