{"id":10668,"date":"2025-12-12T22:49:59","date_gmt":"2025-12-12T21:49:59","guid":{"rendered":"https:\/\/info.biofabmed.com\/?post_type=product&#038;p=10668"},"modified":"2025-12-15T19:54:42","modified_gmt":"2025-12-15T18:54:42","slug":"vidas-brahms-procalcitonin-30t-2","status":"publish","type":"product","link":"https:\/\/info.biofabmed.com\/?product=vidas-brahms-procalcitonin-30t-2","title":{"rendered":"VIDAS BRAHMS PROCALCITONIN 30T"},"content":{"rendered":"<p>Le test VIDAS HS Troponin I est un test immunologique utilis\u00e9 pour mesurer la concentration de la troponine I hautement sensible (hsTnI) dans le s\u00e9rum sanguin. La troponine I est une prot\u00e9ine cardiaque lib\u00e9r\u00e9e en cas de l\u00e9sion du muscle cardiaque, et des niveaux \u00e9lev\u00e9s peuvent indiquer un infarctus du myocarde. Ce test offre une sensibilit\u00e9 accrue pour le diagnostic pr\u00e9coce de l&#8217;infarctus du myocarde.<\/p>\n","protected":false},"excerpt":{"rendered":"<p>Le test VIDAS HS Troponin I est un test immunologique utilis\u00e9 pour mesurer la concentration de la troponine I hautement sensible (hsTnI) dans le s\u00e9rum sanguin. La troponine I est une prot\u00e9ine cardiaque lib\u00e9r\u00e9e en cas de l\u00e9sion du muscle cardiaque, et des niveaux \u00e9lev\u00e9s peuvent indiquer un infarctus du myocarde. Ce test offre une [&hellip;]<\/p>\n","protected":false},"featured_media":10461,"comment_status":"open","ping_status":"closed","template":"","meta":[],"product_brand":[],"product_cat":[15,360,356],"product_tag":[],"class_list":{"0":"post-10668","1":"product","2":"type-product","3":"status-publish","4":"has-post-thumbnail","6":"product_cat-non-classe","7":"product_cat-hormono-immunologie-serologie","8":"product_cat-laboratoire-danalyses-medicales","9":"ts_product_brand-vidas-biomerieux","11":"first","12":"instock","13":"shipping-taxable","14":"purchasable","15":"product-type-simple","16":"add-to-wishlist-after_add_to_cart"},"_links":{"self":[{"href":"https:\/\/info.biofabmed.com\/index.php?rest_route=\/wp\/v2\/product\/10668","targetHints":{"allow":["GET"]}}],"collection":[{"href":"https:\/\/info.biofabmed.com\/index.php?rest_route=\/wp\/v2\/product"}],"about":[{"href":"https:\/\/info.biofabmed.com\/index.php?rest_route=\/wp\/v2\/types\/product"}],"replies":[{"embeddable":true,"href":"https:\/\/info.biofabmed.com\/index.php?rest_route=%2Fwp%2Fv2%2Fcomments&post=10668"}],"wp:featuredmedia":[{"embeddable":true,"href":"https:\/\/info.biofabmed.com\/index.php?rest_route=\/wp\/v2\/media\/10461"}],"wp:attachment":[{"href":"https:\/\/info.biofabmed.com\/index.php?rest_route=%2Fwp%2Fv2%2Fmedia&parent=10668"}],"wp:term":[{"taxonomy":"product_brand","embeddable":true,"href":"https:\/\/info.biofabmed.com\/index.php?rest_route=%2Fwp%2Fv2%2Fproduct_brand&post=10668"},{"taxonomy":"product_cat","embeddable":true,"href":"https:\/\/info.biofabmed.com\/index.php?rest_route=%2Fwp%2Fv2%2Fproduct_cat&post=10668"},{"taxonomy":"product_tag","embeddable":true,"href":"https:\/\/info.biofabmed.com\/index.php?rest_route=%2Fwp%2Fv2%2Fproduct_tag&post=10668"}],"curies":[{"name":"wp","href":"https:\/\/api.w.org\/{rel}","templated":true}]}}