{"id":10669,"date":"2025-12-12T22:49:59","date_gmt":"2025-12-12T21:49:59","guid":{"rendered":"https:\/\/info.biofabmed.com\/?post_type=product&#038;p=10669"},"modified":"2025-12-15T19:54:42","modified_gmt":"2025-12-15T18:54:42","slug":"vidas-hs-troponin-i-30-tests-2","status":"publish","type":"product","link":"https:\/\/info.biofabmed.com\/?product=vidas-hs-troponin-i-30-tests-2","title":{"rendered":"VIDAS HS TROPONIN I 30 TESTS"},"content":{"rendered":"<p>Le test VIDAS Myoglobine est un test immunologique utilis\u00e9 pour mesurer la concentration de la myoglobine dans le s\u00e9rum sanguin. La myoglobine est une prot\u00e9ine musculaire lib\u00e9r\u00e9e en cas de l\u00e9sion musculaire, telle que celle observ\u00e9e lors d&#8217;un infarctus du myocarde ou de rhabdomyolyse. Ce test est utilis\u00e9 pour le diagnostic et le suivi de ces conditions cliniques.<\/p>\n","protected":false},"excerpt":{"rendered":"<p>Le test VIDAS Myoglobine est un test immunologique utilis\u00e9 pour mesurer la concentration de la myoglobine dans le s\u00e9rum sanguin. La myoglobine est une prot\u00e9ine musculaire lib\u00e9r\u00e9e en cas de l\u00e9sion musculaire, telle que celle observ\u00e9e lors d&#8217;un infarctus du myocarde ou de rhabdomyolyse. Ce test est utilis\u00e9 pour le diagnostic et le suivi de [&hellip;]<\/p>\n","protected":false},"featured_media":10461,"comment_status":"open","ping_status":"closed","template":"","meta":[],"product_brand":[],"product_cat":[360,356,15],"product_tag":[],"class_list":{"0":"post-10669","1":"product","2":"type-product","3":"status-publish","4":"has-post-thumbnail","6":"product_cat-hormono-immunologie-serologie","7":"product_cat-laboratoire-danalyses-medicales","8":"product_cat-non-classe","9":"ts_product_brand-vidas-biomerieux","11":"first","12":"instock","13":"shipping-taxable","14":"purchasable","15":"product-type-simple","16":"add-to-wishlist-after_add_to_cart"},"_links":{"self":[{"href":"https:\/\/info.biofabmed.com\/index.php?rest_route=\/wp\/v2\/product\/10669","targetHints":{"allow":["GET"]}}],"collection":[{"href":"https:\/\/info.biofabmed.com\/index.php?rest_route=\/wp\/v2\/product"}],"about":[{"href":"https:\/\/info.biofabmed.com\/index.php?rest_route=\/wp\/v2\/types\/product"}],"replies":[{"embeddable":true,"href":"https:\/\/info.biofabmed.com\/index.php?rest_route=%2Fwp%2Fv2%2Fcomments&post=10669"}],"wp:featuredmedia":[{"embeddable":true,"href":"https:\/\/info.biofabmed.com\/index.php?rest_route=\/wp\/v2\/media\/10461"}],"wp:attachment":[{"href":"https:\/\/info.biofabmed.com\/index.php?rest_route=%2Fwp%2Fv2%2Fmedia&parent=10669"}],"wp:term":[{"taxonomy":"product_brand","embeddable":true,"href":"https:\/\/info.biofabmed.com\/index.php?rest_route=%2Fwp%2Fv2%2Fproduct_brand&post=10669"},{"taxonomy":"product_cat","embeddable":true,"href":"https:\/\/info.biofabmed.com\/index.php?rest_route=%2Fwp%2Fv2%2Fproduct_cat&post=10669"},{"taxonomy":"product_tag","embeddable":true,"href":"https:\/\/info.biofabmed.com\/index.php?rest_route=%2Fwp%2Fv2%2Fproduct_tag&post=10669"}],"curies":[{"name":"wp","href":"https:\/\/api.w.org\/{rel}","templated":true}]}}