{"id":10700,"date":"2025-12-12T22:50:04","date_gmt":"2025-12-12T21:50:04","guid":{"rendered":"https:\/\/info.biofabmed.com\/?post_type=product&#038;p=10700"},"modified":"2025-12-15T22:34:04","modified_gmt":"2025-12-15T21:34:04","slug":"maglumi-calcitonine-ct-100-tests-2","status":"publish","type":"product","link":"https:\/\/info.biofabmed.com\/?product=maglumi-calcitonine-ct-100-tests-2","title":{"rendered":"MAGLUMI  CALCITONINE (CT)  100 TESTS"},"content":{"rendered":"<p>### MAGLUMI CALCITONINE (CT) 100 Tests<\/p>\n<p>**Description du Produit**:<br \/>\nLe kit de test MAGLUMI CALCITONINE (CT) mesure les niveaux de calcitonine dans le sang, une hormone produite par la glande thyro\u00efde, souvent utilis\u00e9e comme marqueur tumoral pour le diagnostic et la surveillance des cancers m\u00e9dullaires de la thyro\u00efde.<\/p>\n<p>**Contenu du Kit**:<br \/>\n&#8211; **Nombre de Tests**: 100 tests.<br \/>\n&#8211; **Technologie**: Analyse immunoluminom\u00e9trique (ILMA).<\/p>\n<p>**Applications**:<br \/>\n1. **Diagnostic du Cancer M\u00e9dullaire de la Thyro\u00efde**:<br \/>\n   &#8211; D\u00e9tection pr\u00e9coce du cancer m\u00e9dullaire de la thyro\u00efde.<br \/>\n   &#8211; Surveillance post-op\u00e9ratoire pour d\u00e9tecter les r\u00e9cidives.<\/p>\n<p>2. **\u00c9valuation des Troubles Thyro\u00efdiens**:<br \/>\n   &#8211; Diagnostic diff\u00e9rentiel des nodules thyro\u00efdiens.<\/p>\n<p>**Caract\u00e9ristiques**:<br \/>\n&#8211; **Rapidit\u00e9**: R\u00e9sultats rapides et pr\u00e9cis.<br \/>\n&#8211; **Pr\u00e9cision**: Haute sensibilit\u00e9 et sp\u00e9cificit\u00e9.<br \/>\n&#8211; **Facilit\u00e9 d&#8217;Utilisation**: Compatible avec les analyseurs MAGLUMI.<\/p>\n<p>**Sp\u00e9cifications Techniques**:<br \/>\n&#8211; **\u00c9chantillon**: S\u00e9rum.<br \/>\n&#8211; **Volume d&#8217;\u00c9chantillon Requis**: 50-100 \u00b5L.<\/p>\n<p>**Conditions de Stockage**:<br \/>\n&#8211; **Temp\u00e9rature**: Conserver entre 2\u00b0C et 8\u00b0C.<\/p>\n<p>**Certification et Conformit\u00e9**:<br \/>\n&#8211; **Marquage CE**.<br \/>\n&#8211; **ISO 13485**.<\/p>\n<p>**Utilisateurs Cibles**:<br \/>\n&#8211; Laboratoires cliniques.<br \/>\n&#8211; Endocrinologues.<\/p>\n","protected":false},"excerpt":{"rendered":"<p>### MAGLUMI CALCITONINE (CT) 100 Tests **Description du Produit**: Le kit de test MAGLUMI CALCITONINE (CT) mesure les niveaux de calcitonine dans le sang, une hormone produite par la glande thyro\u00efde, souvent utilis\u00e9e comme marqueur tumoral pour le diagnostic et la surveillance des cancers m\u00e9dullaires de la thyro\u00efde. **Contenu du Kit**: &#8211; **Nombre de Tests**: [&hellip;]<\/p>\n","protected":false},"featured_media":10460,"comment_status":"open","ping_status":"closed","template":"","meta":[],"product_brand":[],"product_cat":[15,360,356],"product_tag":[487],"class_list":{"0":"post-10700","1":"product","2":"type-product","3":"status-publish","4":"has-post-thumbnail","6":"product_cat-non-classe","7":"product_cat-hormono-immunologie-serologie","8":"product_cat-laboratoire-danalyses-medicales","9":"product_tag-maglumi","10":"ts_product_brand-maglumi","12":"first","13":"instock","14":"shipping-taxable","15":"purchasable","16":"product-type-simple","17":"add-to-wishlist-after_add_to_cart"},"_links":{"self":[{"href":"https:\/\/info.biofabmed.com\/index.php?rest_route=\/wp\/v2\/product\/10700","targetHints":{"allow":["GET"]}}],"collection":[{"href":"https:\/\/info.biofabmed.com\/index.php?rest_route=\/wp\/v2\/product"}],"about":[{"href":"https:\/\/info.biofabmed.com\/index.php?rest_route=\/wp\/v2\/types\/product"}],"replies":[{"embeddable":true,"href":"https:\/\/info.biofabmed.com\/index.php?rest_route=%2Fwp%2Fv2%2Fcomments&post=10700"}],"wp:featuredmedia":[{"embeddable":true,"href":"https:\/\/info.biofabmed.com\/index.php?rest_route=\/wp\/v2\/media\/10460"}],"wp:attachment":[{"href":"https:\/\/info.biofabmed.com\/index.php?rest_route=%2Fwp%2Fv2%2Fmedia&parent=10700"}],"wp:term":[{"taxonomy":"product_brand","embeddable":true,"href":"https:\/\/info.biofabmed.com\/index.php?rest_route=%2Fwp%2Fv2%2Fproduct_brand&post=10700"},{"taxonomy":"product_cat","embeddable":true,"href":"https:\/\/info.biofabmed.com\/index.php?rest_route=%2Fwp%2Fv2%2Fproduct_cat&post=10700"},{"taxonomy":"product_tag","embeddable":true,"href":"https:\/\/info.biofabmed.com\/index.php?rest_route=%2Fwp%2Fv2%2Fproduct_tag&post=10700"}],"curies":[{"name":"wp","href":"https:\/\/api.w.org\/{rel}","templated":true}]}}