{"id":10708,"date":"2025-12-12T22:50:05","date_gmt":"2025-12-12T21:50:05","guid":{"rendered":"https:\/\/info.biofabmed.com\/?post_type=product&#038;p=10708"},"modified":"2025-12-15T22:33:59","modified_gmt":"2025-12-15T21:33:59","slug":"maglumi-dhea-s-100-tests-2","status":"publish","type":"product","link":"https:\/\/info.biofabmed.com\/?product=maglumi-dhea-s-100-tests-2","title":{"rendered":"MAGLUMI  DHEA-S 100 TESTS"},"content":{"rendered":"<p>MAGLUMI DHEA-S 100 TESTS<br \/>\nDescription du Produit:<br \/>\nLe kit MAGLUMI DHEA-S permet la mesure quantitative des niveaux de sulfate de d\u00e9hydro\u00e9piandrost\u00e9rone (DHEA-S) dans le plasma ou le s\u00e9rum humain. Le DHEA-S est un st\u00e9ro\u00efde produit principalement par les glandes surr\u00e9nales, et sa mesure est utilis\u00e9e dans le diagnostic des troubles endocriniens.<\/p>\n<p>Contenu du Kit:<\/p>\n<p>Nombre de Tests: 100 tests.<br \/>\nTechnologie: M\u00e9thode immunoluminom\u00e9trique \u00e0 marqueur chimiluminescent.<br \/>\nApplications:<\/p>\n<p>Diagnostic des Troubles Endocriniens:<\/p>\n<p>\u00c9valuation des tumeurs surr\u00e9naliennes et de l&#8217;hyperplasie surr\u00e9nalienne cong\u00e9nitale.<br \/>\nSurveillance de la fonction surr\u00e9nalienne.<br \/>\n\u00c9valuation des D\u00e9s\u00e9quilibres Hormonal:<\/p>\n<p>Aide au diagnostic des d\u00e9s\u00e9quilibres hormonaux et des maladies endocriniennes.<br \/>\nCaract\u00e9ristiques:<\/p>\n<p>Rapidit\u00e9: R\u00e9sultats disponibles en quelques minutes.<br \/>\nPr\u00e9cision: Sensibilit\u00e9 \u00e9lev\u00e9e pour la d\u00e9tection des niveaux de DHEA-S.<br \/>\nFacilit\u00e9 d&#8217;Utilisation: Protocole simple et automatis\u00e9 compatible avec les analyseurs MAGLUMI.<br \/>\nSp\u00e9cifications Techniques:<\/p>\n<p>\u00c9chantillon: Plasma ou s\u00e9rum humain.<br \/>\nVolume d&#8217;\u00c9chantillon Requis: Selon les sp\u00e9cifications de l&#8217;analyseur MAGLUMI.<br \/>\nSensibilit\u00e9 Analytique: Capable de d\u00e9tecter des niveaux de DHEA-S aussi bas que 0,1 \u00b5g\/mL.<br \/>\nConditions de Stockage:<\/p>\n<p>Temp\u00e9rature: Conserver entre 2\u00b0C et 8\u00b0C.<br \/>\nDur\u00e9e de Conservation: Stabilit\u00e9 de 4 semaines apr\u00e8s ouverture.<br \/>\nCertification et Conformit\u00e9:<\/p>\n<p>Marquage CE: Conforme aux normes europ\u00e9ennes pour les dispositifs m\u00e9dicaux de diagnostic in vitro.<br \/>\nISO 13485: Certifi\u00e9 pour la gestion de la qualit\u00e9 dans les dispositifs m\u00e9dicaux.<br \/>\nUtilisateurs Cibles:<\/p>\n<p>Laboratoires d&#8217;endocrinologie et d&#8217;immunologie clinique.<br \/>\nServices de diagnostic et unit\u00e9s de soins intensifs.<br \/>\nM\u00e9decins traitants et sp\u00e9cialistes en endocrinologie.<\/p>\n","protected":false},"excerpt":{"rendered":"<p>MAGLUMI DHEA-S 100 TESTS Description du Produit: Le kit MAGLUMI DHEA-S permet la mesure quantitative des niveaux de sulfate de d\u00e9hydro\u00e9piandrost\u00e9rone (DHEA-S) dans le plasma ou le s\u00e9rum humain. Le DHEA-S est un st\u00e9ro\u00efde produit principalement par les glandes surr\u00e9nales, et sa mesure est utilis\u00e9e dans le diagnostic des troubles endocriniens. Contenu du Kit: Nombre [&hellip;]<\/p>\n","protected":false},"featured_media":10460,"comment_status":"open","ping_status":"closed","template":"","meta":[],"product_brand":[],"product_cat":[15,360,356],"product_tag":[487],"class_list":{"0":"post-10708","1":"product","2":"type-product","3":"status-publish","4":"has-post-thumbnail","6":"product_cat-non-classe","7":"product_cat-hormono-immunologie-serologie","8":"product_cat-laboratoire-danalyses-medicales","9":"product_tag-maglumi","10":"ts_product_brand-maglumi","12":"first","13":"instock","14":"shipping-taxable","15":"purchasable","16":"product-type-simple","17":"add-to-wishlist-after_add_to_cart"},"_links":{"self":[{"href":"https:\/\/info.biofabmed.com\/index.php?rest_route=\/wp\/v2\/product\/10708","targetHints":{"allow":["GET"]}}],"collection":[{"href":"https:\/\/info.biofabmed.com\/index.php?rest_route=\/wp\/v2\/product"}],"about":[{"href":"https:\/\/info.biofabmed.com\/index.php?rest_route=\/wp\/v2\/types\/product"}],"replies":[{"embeddable":true,"href":"https:\/\/info.biofabmed.com\/index.php?rest_route=%2Fwp%2Fv2%2Fcomments&post=10708"}],"wp:featuredmedia":[{"embeddable":true,"href":"https:\/\/info.biofabmed.com\/index.php?rest_route=\/wp\/v2\/media\/10460"}],"wp:attachment":[{"href":"https:\/\/info.biofabmed.com\/index.php?rest_route=%2Fwp%2Fv2%2Fmedia&parent=10708"}],"wp:term":[{"taxonomy":"product_brand","embeddable":true,"href":"https:\/\/info.biofabmed.com\/index.php?rest_route=%2Fwp%2Fv2%2Fproduct_brand&post=10708"},{"taxonomy":"product_cat","embeddable":true,"href":"https:\/\/info.biofabmed.com\/index.php?rest_route=%2Fwp%2Fv2%2Fproduct_cat&post=10708"},{"taxonomy":"product_tag","embeddable":true,"href":"https:\/\/info.biofabmed.com\/index.php?rest_route=%2Fwp%2Fv2%2Fproduct_tag&post=10708"}],"curies":[{"name":"wp","href":"https:\/\/api.w.org\/{rel}","templated":true}]}}