{"id":10716,"date":"2025-12-12T22:50:07","date_gmt":"2025-12-12T21:50:07","guid":{"rendered":"https:\/\/info.biofabmed.com\/?post_type=product&#038;p=10716"},"modified":"2025-12-15T22:33:58","modified_gmt":"2025-12-15T21:33:58","slug":"maglumi-fsh-hormone-folliculo-stimulante-100-tests-2","status":"publish","type":"product","link":"https:\/\/info.biofabmed.com\/?product=maglumi-fsh-hormone-folliculo-stimulante-100-tests-2","title":{"rendered":"MAGLUMI  FSH Hormone Folliculo Stimulante 100 TESTS"},"content":{"rendered":"<p>### MAGLUMI FSH Hormone Folliculo Stimulante 100 TESTS<\/p>\n<p>**Description du Produit**:<br \/>\nLe kit MAGLUMI FSH (Hormone Folliculo Stimulante) permet la mesure quantitative des niveaux de FSH dans le plasma ou le s\u00e9rum humain. La FSH est une hormone s\u00e9cr\u00e9t\u00e9e par l&#8217;hypophyse ant\u00e9rieure, et sa mesure est utilis\u00e9e dans l&#8217;\u00e9valuation de la fonction ovarienne et testiculaire.<\/p>\n<p>**Contenu du Kit**:<br \/>\n&#8211; **Nombre de Tests**: 100 tests.<br \/>\n&#8211; **Technologie**: M\u00e9thode immunoluminom\u00e9trique \u00e0 marqueur chimiluminescent.<\/p>\n<p>**Applications**:<br \/>\n1. **\u00c9valuation de la Fonction Ovarienne**:<br \/>\n   &#8211; D\u00e9termination du stade du cycle menstruel.<br \/>\n   &#8211; Aide au diagnostic de l&#8217;infertilit\u00e9 f\u00e9minine.<\/p>\n<p>2. **\u00c9valuation de la Fonction Testiculaire**:<br \/>\n   &#8211; Aide au diagnostic de l&#8217;infertilit\u00e9 masculine.<br \/>\n   &#8211; Surveillance de la th\u00e9rapie de remplacement de la FSH.<\/p>\n<p>**Caract\u00e9ristiques**:<br \/>\n&#8211; **Rapidit\u00e9**: R\u00e9sultats disponibles en quelques minutes.<br \/>\n&#8211; **Pr\u00e9cision**: Sensibilit\u00e9 \u00e9lev\u00e9e pour la d\u00e9tection des niveaux de FSH.<br \/>\n&#8211; **Facilit\u00e9 d&#8217;Utilisation**: Protocole simple et automatis\u00e9 compatible avec les analyseurs MAGLUMI.<\/p>\n<p>**Sp\u00e9cifications Techniques**:<br \/>\n&#8211; **\u00c9chantillon**: Plasma ou s\u00e9rum humain.<br \/>\n&#8211; **Volume d&#8217;\u00c9chantillon Requis**: Selon les sp\u00e9cifications de l&#8217;analyseur MAGLUMI.<br \/>\n&#8211; **Sensibilit\u00e9 Analytique**: Capable de d\u00e9tecter des niveaux de FSH aussi bas que 0,05 UI\/L.<\/p>\n<p>**Conditions de Stockage**:<br \/>\n&#8211; **Temp\u00e9rature**: Conserver entre 2\u00b0C et 8\u00b0C.<br \/>\n&#8211; **Dur\u00e9e de Conservation**: Stabilit\u00e9 de 4 semaines apr\u00e8s ouverture.<\/p>\n<p>**Certification et Conformit\u00e9**:<br \/>\n&#8211; **Marquage CE**: Conforme aux normes europ\u00e9ennes pour les dispositifs m\u00e9dicaux de diagnostic in vitro.<br \/>\n&#8211; **ISO 13485**: Certifi\u00e9 pour la gestion de la qualit\u00e9 dans les dispositifs m\u00e9dicaux.<\/p>\n<p>**Utilisateurs Cibles**:<br \/>\n&#8211; Laboratoires de biologie de la reproduction et d&#8217;endocrinologie.<br \/>\n&#8211; Cliniques de fertilit\u00e9 et services de gyn\u00e9cologie.<br \/>\n&#8211; M\u00e9decins traitants et sp\u00e9cialistes en endocrinologie et reproduction.<\/p>\n","protected":false},"excerpt":{"rendered":"<p>### MAGLUMI FSH Hormone Folliculo Stimulante 100 TESTS **Description du Produit**: Le kit MAGLUMI FSH (Hormone Folliculo Stimulante) permet la mesure quantitative des niveaux de FSH dans le plasma ou le s\u00e9rum humain. La FSH est une hormone s\u00e9cr\u00e9t\u00e9e par l&#8217;hypophyse ant\u00e9rieure, et sa mesure est utilis\u00e9e dans l&#8217;\u00e9valuation de la fonction ovarienne et testiculaire. [&hellip;]<\/p>\n","protected":false},"featured_media":10460,"comment_status":"open","ping_status":"closed","template":"","meta":[],"product_brand":[],"product_cat":[360,356,15],"product_tag":[487],"class_list":{"0":"post-10716","1":"product","2":"type-product","3":"status-publish","4":"has-post-thumbnail","6":"product_cat-hormono-immunologie-serologie","7":"product_cat-laboratoire-danalyses-medicales","8":"product_cat-non-classe","9":"product_tag-maglumi","10":"ts_product_brand-maglumi","12":"first","13":"instock","14":"shipping-taxable","15":"purchasable","16":"product-type-simple","17":"add-to-wishlist-after_add_to_cart"},"_links":{"self":[{"href":"https:\/\/info.biofabmed.com\/index.php?rest_route=\/wp\/v2\/product\/10716","targetHints":{"allow":["GET"]}}],"collection":[{"href":"https:\/\/info.biofabmed.com\/index.php?rest_route=\/wp\/v2\/product"}],"about":[{"href":"https:\/\/info.biofabmed.com\/index.php?rest_route=\/wp\/v2\/types\/product"}],"replies":[{"embeddable":true,"href":"https:\/\/info.biofabmed.com\/index.php?rest_route=%2Fwp%2Fv2%2Fcomments&post=10716"}],"wp:featuredmedia":[{"embeddable":true,"href":"https:\/\/info.biofabmed.com\/index.php?rest_route=\/wp\/v2\/media\/10460"}],"wp:attachment":[{"href":"https:\/\/info.biofabmed.com\/index.php?rest_route=%2Fwp%2Fv2%2Fmedia&parent=10716"}],"wp:term":[{"taxonomy":"product_brand","embeddable":true,"href":"https:\/\/info.biofabmed.com\/index.php?rest_route=%2Fwp%2Fv2%2Fproduct_brand&post=10716"},{"taxonomy":"product_cat","embeddable":true,"href":"https:\/\/info.biofabmed.com\/index.php?rest_route=%2Fwp%2Fv2%2Fproduct_cat&post=10716"},{"taxonomy":"product_tag","embeddable":true,"href":"https:\/\/info.biofabmed.com\/index.php?rest_route=%2Fwp%2Fv2%2Fproduct_tag&post=10716"}],"curies":[{"name":"wp","href":"https:\/\/api.w.org\/{rel}","templated":true}]}}