{"id":10773,"date":"2025-12-12T22:50:15","date_gmt":"2025-12-12T21:50:15","guid":{"rendered":"https:\/\/info.biofabmed.com\/?post_type=product&#038;p=10773"},"modified":"2025-12-15T22:33:29","modified_gmt":"2025-12-15T21:33:29","slug":"maglumi-amh-100-tests-2","status":"publish","type":"product","link":"https:\/\/info.biofabmed.com\/?product=maglumi-amh-100-tests-2","title":{"rendered":"MAGLUMI AMH 100 TESTS"},"content":{"rendered":"<p>### MAGLUMI AMH 100 TESTS<\/p>\n<p>**Description du Produit**:<br \/>\nLe kit MAGLUMI AMH permet la mesure quantitative de l&#8217;hormone anti-m\u00fcllerienne (AMH) dans le s\u00e9rum humain. L&#8217;AMH est principalement produite par les cellules folliculaires des ovaires chez les femmes et est utilis\u00e9e comme biomarqueur de la r\u00e9serve ovarienne.<\/p>\n<p>**Contenu du Kit**:<br \/>\n&#8211; **Nombre de Tests**: 100 tests.<br \/>\n&#8211; **Technologie**: M\u00e9thode immunoluminom\u00e9trique \u00e0 marqueur chimiluminescent.<\/p>\n<p>**Applications**:<br \/>\n1. **Fertilit\u00e9 F\u00e9minine**:<br \/>\n&#8211; \u00c9valuation de la r\u00e9serve ovarienne chez les femmes.<br \/>\n&#8211; Pr\u00e9diction de la r\u00e9ponse ovarienne \u00e0 la stimulation ovarienne contr\u00f4l\u00e9e lors des traitements de procr\u00e9ation m\u00e9dicalement assist\u00e9e (PMA).<br \/>\n2. **Diagnostic de Troubles de la Reproduction**:<br \/>\n&#8211; Aide au diagnostic des troubles de la reproduction chez les femmes, tels que le syndrome des ovaires polykystiques (SOPK).<\/p>\n<p>**Caract\u00e9ristiques**:<br \/>\n&#8211; **Sensibilit\u00e9**: Capable de d\u00e9tecter des niveaux pr\u00e9cis d&#8217;AMH dans le s\u00e9rum.<br \/>\n&#8211; **Pr\u00e9cision**: M\u00e9thode immunoluminom\u00e9trique hautement sensible et sp\u00e9cifique.<br \/>\n&#8211; **Rapidit\u00e9**: R\u00e9sultats disponibles en quelques minutes.<\/p>\n<p>**Sp\u00e9cifications Techniques**:<br \/>\n&#8211; **\u00c9chantillon**: S\u00e9rum humain.<br \/>\n&#8211; **Volume d&#8217;\u00c9chantillon Requis**: Selon les sp\u00e9cifications de l&#8217;analyseur MAGLUMI.<br \/>\n&#8211; **Sensibilit\u00e9 Analytique**: Capable de d\u00e9tecter des niveaux d&#8217;AMH aussi bas que X ng\/mL.<\/p>\n<p>**Conditions de Stockage**:<br \/>\n&#8211; **Temp\u00e9rature**: Conserver entre 2\u00b0C et 8\u00b0C.<br \/>\n&#8211; **Dur\u00e9e de Conservation**: Stabilit\u00e9 de X mois apr\u00e8s ouverture.<\/p>\n<p>**Certification et Conformit\u00e9**:<br \/>\n&#8211; **Marquage CE**: Conforme aux normes europ\u00e9ennes pour les dispositifs m\u00e9dicaux de diagnostic in vitro.<br \/>\n&#8211; **ISO 13485**: Certifi\u00e9 pour la gestion de la qualit\u00e9 dans les dispositifs m\u00e9dicaux.<\/p>\n<p>**Utilisateurs Cibles**:<br \/>\n&#8211; Cliniques de fertilit\u00e9 et centres de PMA.<br \/>\n&#8211; Endocrinologues sp\u00e9cialis\u00e9s en fertilit\u00e9 f\u00e9minine.<\/p>\n","protected":false},"excerpt":{"rendered":"<p>### MAGLUMI AMH 100 TESTS **Description du Produit**: Le kit MAGLUMI AMH permet la mesure quantitative de l&#8217;hormone anti-m\u00fcllerienne (AMH) dans le s\u00e9rum humain. L&#8217;AMH est principalement produite par les cellules folliculaires des ovaires chez les femmes et est utilis\u00e9e comme biomarqueur de la r\u00e9serve ovarienne. **Contenu du Kit**: &#8211; **Nombre de Tests**: 100 tests. [&hellip;]<\/p>\n","protected":false},"featured_media":10460,"comment_status":"open","ping_status":"closed","template":"","meta":[],"product_brand":[],"product_cat":[360,356,15],"product_tag":[487],"class_list":{"0":"post-10773","1":"product","2":"type-product","3":"status-publish","4":"has-post-thumbnail","6":"product_cat-hormono-immunologie-serologie","7":"product_cat-laboratoire-danalyses-medicales","8":"product_cat-non-classe","9":"product_tag-maglumi","10":"ts_product_brand-maglumi","12":"first","13":"instock","14":"shipping-taxable","15":"purchasable","16":"product-type-simple","17":"add-to-wishlist-after_add_to_cart"},"_links":{"self":[{"href":"https:\/\/info.biofabmed.com\/index.php?rest_route=\/wp\/v2\/product\/10773","targetHints":{"allow":["GET"]}}],"collection":[{"href":"https:\/\/info.biofabmed.com\/index.php?rest_route=\/wp\/v2\/product"}],"about":[{"href":"https:\/\/info.biofabmed.com\/index.php?rest_route=\/wp\/v2\/types\/product"}],"replies":[{"embeddable":true,"href":"https:\/\/info.biofabmed.com\/index.php?rest_route=%2Fwp%2Fv2%2Fcomments&post=10773"}],"wp:featuredmedia":[{"embeddable":true,"href":"https:\/\/info.biofabmed.com\/index.php?rest_route=\/wp\/v2\/media\/10460"}],"wp:attachment":[{"href":"https:\/\/info.biofabmed.com\/index.php?rest_route=%2Fwp%2Fv2%2Fmedia&parent=10773"}],"wp:term":[{"taxonomy":"product_brand","embeddable":true,"href":"https:\/\/info.biofabmed.com\/index.php?rest_route=%2Fwp%2Fv2%2Fproduct_brand&post=10773"},{"taxonomy":"product_cat","embeddable":true,"href":"https:\/\/info.biofabmed.com\/index.php?rest_route=%2Fwp%2Fv2%2Fproduct_cat&post=10773"},{"taxonomy":"product_tag","embeddable":true,"href":"https:\/\/info.biofabmed.com\/index.php?rest_route=%2Fwp%2Fv2%2Fproduct_tag&post=10773"}],"curies":[{"name":"wp","href":"https:\/\/api.w.org\/{rel}","templated":true}]}}