{"id":10775,"date":"2025-12-12T22:50:15","date_gmt":"2025-12-12T21:50:15","guid":{"rendered":"https:\/\/info.biofabmed.com\/?post_type=product&#038;p=10775"},"modified":"2025-12-15T22:33:30","modified_gmt":"2025-12-15T21:33:30","slug":"maglumi-androstenidione-100-tests-2","status":"publish","type":"product","link":"https:\/\/info.biofabmed.com\/?product=maglumi-androstenidione-100-tests-2","title":{"rendered":"MAGLUMI ANDROSTENIDIONE 100 TESTS"},"content":{"rendered":"<p>### MAGLUMI ANDROSTENIDIONE 100 TESTS<\/p>\n<p>**Description du Produit**:<br \/>\nLe kit MAGLUMI Androst\u00e9nedione permet la d\u00e9tection quantitative de l&#8217;androst\u00e9nedione dans le s\u00e9rum ou le plasma humain. L&#8217;androst\u00e9nedione est un pr\u00e9curseur des hormones sexuelles telles que la testost\u00e9rone et l&#8217;estradiol.<\/p>\n<p>**Contenu du Kit**:<br \/>\n&#8211; **Nombre de Tests**: 100 tests.<br \/>\n&#8211; **Technologie**: M\u00e9thode immunoluminom\u00e9trique \u00e0 marqueur chimiluminescent.<\/p>\n<p>**Applications**:<br \/>\n1. **\u00c9valuation de la Fonction Gonadique**:<br \/>\n   &#8211; Mesure de l&#8217;androst\u00e9nedione comme indicateur de la fonction ovarienne et testiculaire.<br \/>\n2. **Diagnostic des Troubles Hormonaux**:<br \/>\n   &#8211; D\u00e9tection des niveaux anormalement \u00e9lev\u00e9s ou faibles d&#8217;androst\u00e9nedione dans le cadre du diagnostic des troubles hormonaux.<\/p>\n<p>**Caract\u00e9ristiques**:<br \/>\n&#8211; **Rapidit\u00e9**: R\u00e9sultats disponibles en quelques minutes.<br \/>\n&#8211; **Pr\u00e9cision**: Sensibilit\u00e9 \u00e9lev\u00e9e pour la d\u00e9tection pr\u00e9cise de l&#8217;androst\u00e9nedione.<br \/>\n&#8211; **Facilit\u00e9 d&#8217;Utilisation**: Protocole simple et automatis\u00e9 compatible avec les analyseurs MAGLUMI.<\/p>\n<p>**Sp\u00e9cifications Techniques**:<br \/>\n&#8211; **\u00c9chantillon**: Plasma ou s\u00e9rum humain.<br \/>\n&#8211; **Volume d&#8217;\u00c9chantillon Requis**: Selon les sp\u00e9cifications de l&#8217;analyseur MAGLUMI.<br \/>\n&#8211; **Sensibilit\u00e9 Analytique**: Capable de d\u00e9tecter des niveaux d&#8217;androst\u00e9nedione aussi bas que [ins\u00e9rer la sensibilit\u00e9 analytique ici].<\/p>\n<p>**Conditions de Stockage**:<br \/>\n&#8211; **Temp\u00e9rature**: Conserver entre 2\u00b0C et 8\u00b0C.<br \/>\n&#8211; **Dur\u00e9e de Conservation**: Stabilit\u00e9 de [ins\u00e9rer la dur\u00e9e de conservation ici] apr\u00e8s ouverture.<\/p>\n<p>**Certification et Conformit\u00e9**:<br \/>\n&#8211; **Marquage CE**: Conforme aux normes europ\u00e9ennes pour les dispositifs m\u00e9dicaux de diagnostic in vitro.<br \/>\n&#8211; **ISO 13485**: Certifi\u00e9 pour la gestion de la qualit\u00e9 dans les dispositifs m\u00e9dicaux.<\/p>\n<p>**Utilisateurs Cibles**:<br \/>\n&#8211; Laboratoires d&#8217;analyse clinique.<br \/>\n&#8211; Services de m\u00e9decine reproductive.<br \/>\n&#8211; Endocrinologues et sp\u00e9cialistes en gyn\u00e9cologie.<\/p>\n","protected":false},"excerpt":{"rendered":"<p>### MAGLUMI ANDROSTENIDIONE 100 TESTS **Description du Produit**: Le kit MAGLUMI Androst\u00e9nedione permet la d\u00e9tection quantitative de l&#8217;androst\u00e9nedione dans le s\u00e9rum ou le plasma humain. L&#8217;androst\u00e9nedione est un pr\u00e9curseur des hormones sexuelles telles que la testost\u00e9rone et l&#8217;estradiol. **Contenu du Kit**: &#8211; **Nombre de Tests**: 100 tests. &#8211; **Technologie**: M\u00e9thode immunoluminom\u00e9trique \u00e0 marqueur chimiluminescent. **Applications**: [&hellip;]<\/p>\n","protected":false},"featured_media":10460,"comment_status":"open","ping_status":"closed","template":"","meta":[],"product_brand":[],"product_cat":[360,356,15],"product_tag":[487],"class_list":{"0":"post-10775","1":"product","2":"type-product","3":"status-publish","4":"has-post-thumbnail","6":"product_cat-hormono-immunologie-serologie","7":"product_cat-laboratoire-danalyses-medicales","8":"product_cat-non-classe","9":"product_tag-maglumi","10":"ts_product_brand-maglumi","12":"first","13":"instock","14":"shipping-taxable","15":"purchasable","16":"product-type-simple","17":"add-to-wishlist-after_add_to_cart"},"_links":{"self":[{"href":"https:\/\/info.biofabmed.com\/index.php?rest_route=\/wp\/v2\/product\/10775","targetHints":{"allow":["GET"]}}],"collection":[{"href":"https:\/\/info.biofabmed.com\/index.php?rest_route=\/wp\/v2\/product"}],"about":[{"href":"https:\/\/info.biofabmed.com\/index.php?rest_route=\/wp\/v2\/types\/product"}],"replies":[{"embeddable":true,"href":"https:\/\/info.biofabmed.com\/index.php?rest_route=%2Fwp%2Fv2%2Fcomments&post=10775"}],"wp:featuredmedia":[{"embeddable":true,"href":"https:\/\/info.biofabmed.com\/index.php?rest_route=\/wp\/v2\/media\/10460"}],"wp:attachment":[{"href":"https:\/\/info.biofabmed.com\/index.php?rest_route=%2Fwp%2Fv2%2Fmedia&parent=10775"}],"wp:term":[{"taxonomy":"product_brand","embeddable":true,"href":"https:\/\/info.biofabmed.com\/index.php?rest_route=%2Fwp%2Fv2%2Fproduct_brand&post=10775"},{"taxonomy":"product_cat","embeddable":true,"href":"https:\/\/info.biofabmed.com\/index.php?rest_route=%2Fwp%2Fv2%2Fproduct_cat&post=10775"},{"taxonomy":"product_tag","embeddable":true,"href":"https:\/\/info.biofabmed.com\/index.php?rest_route=%2Fwp%2Fv2%2Fproduct_tag&post=10775"}],"curies":[{"name":"wp","href":"https:\/\/api.w.org\/{rel}","templated":true}]}}