{"id":10790,"date":"2025-12-12T22:50:16","date_gmt":"2025-12-12T21:50:16","guid":{"rendered":"https:\/\/info.biofabmed.com\/?post_type=product&#038;p=10790"},"modified":"2025-12-15T22:33:27","modified_gmt":"2025-12-15T21:33:27","slug":"maglumi-hav-igm-250-tests-2","status":"publish","type":"product","link":"https:\/\/info.biofabmed.com\/?product=maglumi-hav-igm-250-tests-2","title":{"rendered":"MAGLUMI HAV IgM 2*50 TESTS"},"content":{"rendered":"<p>&#8216;&#8212;<\/p>\n<p>### MAGLUMI HAV IgM 2*50 TESTS<\/p>\n<p>**Description du Produit**:<br \/>\nLe kit MAGLUMI HAV IgM permet la d\u00e9tection qualitative et quantitative des immunoglobulines de classe M (IgM) dirig\u00e9es contre le virus de l&#8217;h\u00e9patite A (HAV) dans le s\u00e9rum ou le plasma humain. Les IgM anti-HAV sont produites en r\u00e9ponse \u00e0 une infection r\u00e9cente par le virus de l&#8217;h\u00e9patite A et sont utilis\u00e9es dans le diagnostic de l&#8217;h\u00e9patite A.<\/p>\n<p>**Contenu du Kit**:<br \/>\n&#8211; **Nombre de Tests**: 2*50 tests.<br \/>\n&#8211; **Technologie**: M\u00e9thode immunoluminom\u00e9trique \u00e0 marqueur chimiluminescent.<\/p>\n<p>**Applications**:<br \/>\n1. **Diagnostic de l&#8217;H\u00e9patite A**:<br \/>\n   &#8211; D\u00e9tection pr\u00e9coce des infections aigu\u00ebs par le virus de l&#8217;h\u00e9patite A.<br \/>\n   &#8211; Suivi de l&#8217;\u00e9volution de l&#8217;infection et de la r\u00e9ponse immunitaire.<\/p>\n<p>**Caract\u00e9ristiques**:<br \/>\n&#8211; **Sensibilit\u00e9**: Haute sensibilit\u00e9 pour la d\u00e9tection pr\u00e9coce de l&#8217;infection par le virus de l&#8217;h\u00e9patite A.<br \/>\n&#8211; **Fiabilit\u00e9**: M\u00e9thode sp\u00e9cifique pour la d\u00e9tection des IgM anti-HAV.<br \/>\n&#8211; **Facilit\u00e9 d&#8217;Utilisation**: Protocole simple et automatis\u00e9 compatible avec les analyseurs MAGLUMI.<\/p>\n<p>**Sp\u00e9cifications Techniques**:<br \/>\n&#8211; **\u00c9chantillon**: S\u00e9rum ou plasma humain.<br \/>\n&#8211; **Volume d&#8217;\u00c9chantillon Requis**: Selon les sp\u00e9cifications de l&#8217;analyseur MAGLUMI.<br \/>\n&#8211; **Sensibilit\u00e9 Analytique**: Capable de d\u00e9tecter les IgM anti-HAV dans une gamme de concentration de X \u00e0 Y unit\u00e9s.<\/p>\n<p>**Conditions de Stockage**:<br \/>\n&#8211; **Temp\u00e9rature**: Conserver entre 2\u00b0C et 8\u00b0C.<br \/>\n&#8211; **Dur\u00e9e de Conservation**: Stabilit\u00e9 de X mois apr\u00e8s ouverture.<\/p>\n<p>**Certification et Conformit\u00e9**:<br \/>\n&#8211; **Marquage CE**: Conforme aux normes europ\u00e9ennes pour les dispositifs m\u00e9dicaux de diagnostic in vitro.<br \/>\n&#8211; **ISO 13485**: Certifi\u00e9 pour la gestion de la qualit\u00e9 dans les dispositifs m\u00e9dicaux.<\/p>\n<p>**Utilisateurs Cibles**:<br \/>\n&#8211; Laboratoires d&#8217;analyses m\u00e9dicales pour le diagnostic de l&#8217;h\u00e9patite A.<\/p>\n<p>&#8212;<\/p>\n","protected":false},"excerpt":{"rendered":"<p>&#8216;&#8212; ### MAGLUMI HAV IgM 2*50 TESTS **Description du Produit**: Le kit MAGLUMI HAV IgM permet la d\u00e9tection qualitative et quantitative des immunoglobulines de classe M (IgM) dirig\u00e9es contre le virus de l&#8217;h\u00e9patite A (HAV) dans le s\u00e9rum ou le plasma humain. Les IgM anti-HAV sont produites en r\u00e9ponse \u00e0 une infection r\u00e9cente par le [&hellip;]<\/p>\n","protected":false},"featured_media":10460,"comment_status":"open","ping_status":"closed","template":"","meta":[],"product_brand":[],"product_cat":[360,356,15],"product_tag":[487],"class_list":{"0":"post-10790","1":"product","2":"type-product","3":"status-publish","4":"has-post-thumbnail","6":"product_cat-hormono-immunologie-serologie","7":"product_cat-laboratoire-danalyses-medicales","8":"product_cat-non-classe","9":"product_tag-maglumi","10":"ts_product_brand-maglumi","12":"first","13":"instock","14":"shipping-taxable","15":"purchasable","16":"product-type-simple","17":"add-to-wishlist-after_add_to_cart"},"_links":{"self":[{"href":"https:\/\/info.biofabmed.com\/index.php?rest_route=\/wp\/v2\/product\/10790","targetHints":{"allow":["GET"]}}],"collection":[{"href":"https:\/\/info.biofabmed.com\/index.php?rest_route=\/wp\/v2\/product"}],"about":[{"href":"https:\/\/info.biofabmed.com\/index.php?rest_route=\/wp\/v2\/types\/product"}],"replies":[{"embeddable":true,"href":"https:\/\/info.biofabmed.com\/index.php?rest_route=%2Fwp%2Fv2%2Fcomments&post=10790"}],"wp:featuredmedia":[{"embeddable":true,"href":"https:\/\/info.biofabmed.com\/index.php?rest_route=\/wp\/v2\/media\/10460"}],"wp:attachment":[{"href":"https:\/\/info.biofabmed.com\/index.php?rest_route=%2Fwp%2Fv2%2Fmedia&parent=10790"}],"wp:term":[{"taxonomy":"product_brand","embeddable":true,"href":"https:\/\/info.biofabmed.com\/index.php?rest_route=%2Fwp%2Fv2%2Fproduct_brand&post=10790"},{"taxonomy":"product_cat","embeddable":true,"href":"https:\/\/info.biofabmed.com\/index.php?rest_route=%2Fwp%2Fv2%2Fproduct_cat&post=10790"},{"taxonomy":"product_tag","embeddable":true,"href":"https:\/\/info.biofabmed.com\/index.php?rest_route=%2Fwp%2Fv2%2Fproduct_tag&post=10790"}],"curies":[{"name":"wp","href":"https:\/\/api.w.org\/{rel}","templated":true}]}}