{"id":10990,"date":"2025-12-12T22:50:47","date_gmt":"2025-12-12T21:50:47","guid":{"rendered":"https:\/\/info.biofabmed.com\/?post_type=product&#038;p=10990"},"modified":"2025-12-15T19:52:21","modified_gmt":"2025-12-15T18:52:21","slug":"hp-helicobacter-pylori-trod-20t","status":"publish","type":"product","link":"https:\/\/info.biofabmed.com\/?product=hp-helicobacter-pylori-trod-20t","title":{"rendered":"HP HELICOBACTER PYLORI TROD 20T"},"content":{"rendered":"<p>Le test rapide d&#8217;anticorps anti-H. pylori est un test immunochromatographique rapide permettant la d\u00e9tection des anticorps anti-H. pylori dans le s\u00e9rum ou le plasma humain. Ce test vise \u00e0 faciliter le diagnostic de l&#8217;infection \u00e0 H. pylori.<\/p>\n","protected":false},"excerpt":{"rendered":"<p>Le test rapide d&#8217;anticorps anti-H. pylori est un test immunochromatographique rapide permettant la d\u00e9tection des anticorps anti-H. pylori dans le s\u00e9rum ou le plasma humain. Ce test vise \u00e0 faciliter le diagnostic de l&#8217;infection \u00e0 H. pylori.<\/p>\n","protected":false},"featured_media":11013,"comment_status":"open","ping_status":"closed","template":"","meta":[],"product_brand":[],"product_cat":[360,356,15],"product_tag":[],"class_list":{"0":"post-10990","1":"product","2":"type-product","3":"status-publish","4":"has-post-thumbnail","6":"product_cat-hormono-immunologie-serologie","7":"product_cat-laboratoire-danalyses-medicales","8":"product_cat-non-classe","9":"ts_product_brand-test-serologie-immun-chromatographiques-trod","11":"first","12":"instock","13":"shipping-taxable","14":"purchasable","15":"product-type-simple","16":"add-to-wishlist-after_add_to_cart"},"_links":{"self":[{"href":"https:\/\/info.biofabmed.com\/index.php?rest_route=\/wp\/v2\/product\/10990","targetHints":{"allow":["GET"]}}],"collection":[{"href":"https:\/\/info.biofabmed.com\/index.php?rest_route=\/wp\/v2\/product"}],"about":[{"href":"https:\/\/info.biofabmed.com\/index.php?rest_route=\/wp\/v2\/types\/product"}],"replies":[{"embeddable":true,"href":"https:\/\/info.biofabmed.com\/index.php?rest_route=%2Fwp%2Fv2%2Fcomments&post=10990"}],"wp:featuredmedia":[{"embeddable":true,"href":"https:\/\/info.biofabmed.com\/index.php?rest_route=\/wp\/v2\/media\/11013"}],"wp:attachment":[{"href":"https:\/\/info.biofabmed.com\/index.php?rest_route=%2Fwp%2Fv2%2Fmedia&parent=10990"}],"wp:term":[{"taxonomy":"product_brand","embeddable":true,"href":"https:\/\/info.biofabmed.com\/index.php?rest_route=%2Fwp%2Fv2%2Fproduct_brand&post=10990"},{"taxonomy":"product_cat","embeddable":true,"href":"https:\/\/info.biofabmed.com\/index.php?rest_route=%2Fwp%2Fv2%2Fproduct_cat&post=10990"},{"taxonomy":"product_tag","embeddable":true,"href":"https:\/\/info.biofabmed.com\/index.php?rest_route=%2Fwp%2Fv2%2Fproduct_tag&post=10990"}],"curies":[{"name":"wp","href":"https:\/\/api.w.org\/{rel}","templated":true}]}}