{"id":11006,"date":"2025-12-12T22:50:48","date_gmt":"2025-12-12T21:50:48","guid":{"rendered":"https:\/\/info.biofabmed.com\/?post_type=product&#038;p=11006"},"modified":"2025-12-16T08:44:13","modified_gmt":"2025-12-16T07:44:13","slug":"imipenem-10%c2%b5g-1x50-disques-2","status":"publish","type":"product","link":"https:\/\/info.biofabmed.com\/?product=imipenem-10%c2%b5g-1x50-disques-2","title":{"rendered":"IMIPENEM 10\u00b5g 1&#215;50 DISQUES"},"content":{"rendered":"<p>Disques pour tester la sensibilit\u00e9 microbienne par diffusion sur milieu g\u00e9los\u00e9.<\/p>\n<p>Fiabilit\u00e9 garantie : nos lots de disques antibiotiques sont test\u00e9s r\u00e9guli\u00e8rement avec des souches de r\u00e9f\u00e9rence ATCC<\/p>\n","protected":false},"excerpt":{"rendered":"<p>Disques pour tester la sensibilit\u00e9 microbienne par diffusion sur milieu g\u00e9los\u00e9. Fiabilit\u00e9 garantie : nos lots de disques antibiotiques sont test\u00e9s r\u00e9guli\u00e8rement avec des souches de r\u00e9f\u00e9rence ATCC<\/p>\n","protected":false},"featured_media":10468,"comment_status":"open","ping_status":"closed","template":"","meta":[],"product_brand":[],"product_cat":[15,356,361],"product_tag":[],"class_list":{"0":"post-11006","1":"product","2":"type-product","3":"status-publish","4":"has-post-thumbnail","6":"product_cat-non-classe","7":"product_cat-laboratoire-danalyses-medicales","8":"product_cat-microbiologie","9":"ts_product_brand-antibiogramme","11":"first","12":"instock","13":"shipping-taxable","14":"purchasable","15":"product-type-simple","16":"add-to-wishlist-after_add_to_cart"},"_links":{"self":[{"href":"https:\/\/info.biofabmed.com\/index.php?rest_route=\/wp\/v2\/product\/11006","targetHints":{"allow":["GET"]}}],"collection":[{"href":"https:\/\/info.biofabmed.com\/index.php?rest_route=\/wp\/v2\/product"}],"about":[{"href":"https:\/\/info.biofabmed.com\/index.php?rest_route=\/wp\/v2\/types\/product"}],"replies":[{"embeddable":true,"href":"https:\/\/info.biofabmed.com\/index.php?rest_route=%2Fwp%2Fv2%2Fcomments&post=11006"}],"wp:featuredmedia":[{"embeddable":true,"href":"https:\/\/info.biofabmed.com\/index.php?rest_route=\/wp\/v2\/media\/10468"}],"wp:attachment":[{"href":"https:\/\/info.biofabmed.com\/index.php?rest_route=%2Fwp%2Fv2%2Fmedia&parent=11006"}],"wp:term":[{"taxonomy":"product_brand","embeddable":true,"href":"https:\/\/info.biofabmed.com\/index.php?rest_route=%2Fwp%2Fv2%2Fproduct_brand&post=11006"},{"taxonomy":"product_cat","embeddable":true,"href":"https:\/\/info.biofabmed.com\/index.php?rest_route=%2Fwp%2Fv2%2Fproduct_cat&post=11006"},{"taxonomy":"product_tag","embeddable":true,"href":"https:\/\/info.biofabmed.com\/index.php?rest_route=%2Fwp%2Fv2%2Fproduct_tag&post=11006"}],"curies":[{"name":"wp","href":"https:\/\/api.w.org\/{rel}","templated":true}]}}