{"id":8115,"date":"2024-04-19T17:21:34","date_gmt":"2024-04-19T15:21:34","guid":{"rendered":"https:\/\/info.biofabmed.com\/?post_type=product&#038;p=8115"},"modified":"2025-12-16T08:18:19","modified_gmt":"2025-12-16T07:18:19","slug":"glucose-2200-ml-biolabo","status":"publish","type":"product","link":"https:\/\/info.biofabmed.com\/?product=glucose-2200-ml-biolabo","title":{"rendered":"GLUCOSE  2*200 ML Biolabo"},"content":{"rendered":"<p>M\u00e9thode de Trinder. Le glucose est oxyd\u00e9 par la GOD en acide gluconique et H2O2 qui r\u00e9agit en pr\u00e9sence de POD avec le chloro-4-ph\u00e9nol et le PAP pour former une quinon\u00e9imine rouge. L\u2019absorbance du complexe color\u00e9, proportionnelle \u00e0 la concentration en glucose dans le sp\u00e9cimen est mesur\u00e9e \u00e0 500 nm.<\/p>\n<p><strong>Caract\u00e9ristiques<\/strong><br \/>\nExcellente stabilit\u00e9<br \/>\nPoudre s\u00e8che<br \/>\nReconstitution rapide et facile (2 minutes)<br \/>\nStandard inclus<br \/>\nLin\u00e9arit\u00e9 : jusqu\u2019\u00e0 5 g\/L (28 mmol\/L)<br \/>\nStabilit\u00e9 et conservation \u00e0 2-8\u00b0C :<br \/>\nAvant ouverture : 3 ans<br \/>\nR\u00e9actif de travail : 2 ans<\/p>\n<p><strong>Principe<\/strong><br \/>\nM\u00e9thode de TRINDER (couple GOD-POD).<br \/>\nR\u00e9actif pour le dosage quantitatif du glucose dans le plasma, le s\u00e9rum et le liquide c\u00e9phalorachidien (LCR) humain, ou les urines.<br \/>\nR\u00e9action en 10 minutes \u00e0 37\u00b0C.<br \/>\nLecture en point final \u00e0 500 nm (460-560).<\/p>\n","protected":false},"excerpt":{"rendered":"<p>M\u00e9thode de Trinder. Le glucose est oxyd\u00e9 par la GOD en acide gluconique et H2O2 qui r\u00e9agit en pr\u00e9sence de POD avec le chloro-4-ph\u00e9nol et le PAP pour former une quinon\u00e9imine rouge. L\u2019absorbance du complexe color\u00e9, proportionnelle \u00e0 la concentration en glucose dans le sp\u00e9cimen est mesur\u00e9e \u00e0 500 nm. Caract\u00e9ristiques Excellente stabilit\u00e9 Poudre s\u00e8che [&hellip;]<\/p>\n","protected":false},"featured_media":10426,"comment_status":"open","ping_status":"closed","template":"","meta":[],"product_brand":[],"product_cat":[15,358,356],"product_tag":[],"class_list":{"0":"post-8115","1":"product","2":"type-product","3":"status-publish","4":"has-post-thumbnail","6":"product_cat-non-classe","7":"product_cat-biochimie","8":"product_cat-laboratoire-danalyses-medicales","9":"ts_product_brand-biolabo","11":"first","12":"instock","13":"shipping-taxable","14":"purchasable","15":"product-type-simple","16":"add-to-wishlist-after_add_to_cart"},"_links":{"self":[{"href":"https:\/\/info.biofabmed.com\/index.php?rest_route=\/wp\/v2\/product\/8115","targetHints":{"allow":["GET"]}}],"collection":[{"href":"https:\/\/info.biofabmed.com\/index.php?rest_route=\/wp\/v2\/product"}],"about":[{"href":"https:\/\/info.biofabmed.com\/index.php?rest_route=\/wp\/v2\/types\/product"}],"replies":[{"embeddable":true,"href":"https:\/\/info.biofabmed.com\/index.php?rest_route=%2Fwp%2Fv2%2Fcomments&post=8115"}],"wp:featuredmedia":[{"embeddable":true,"href":"https:\/\/info.biofabmed.com\/index.php?rest_route=\/wp\/v2\/media\/10426"}],"wp:attachment":[{"href":"https:\/\/info.biofabmed.com\/index.php?rest_route=%2Fwp%2Fv2%2Fmedia&parent=8115"}],"wp:term":[{"taxonomy":"product_brand","embeddable":true,"href":"https:\/\/info.biofabmed.com\/index.php?rest_route=%2Fwp%2Fv2%2Fproduct_brand&post=8115"},{"taxonomy":"product_cat","embeddable":true,"href":"https:\/\/info.biofabmed.com\/index.php?rest_route=%2Fwp%2Fv2%2Fproduct_cat&post=8115"},{"taxonomy":"product_tag","embeddable":true,"href":"https:\/\/info.biofabmed.com\/index.php?rest_route=%2Fwp%2Fv2%2Fproduct_tag&post=8115"}],"curies":[{"name":"wp","href":"https:\/\/api.w.org\/{rel}","templated":true}]}}