{"id":8116,"date":"2024-04-19T17:25:00","date_gmt":"2024-04-19T15:25:00","guid":{"rendered":"https:\/\/info.biofabmed.com\/?post_type=product&#038;p=8116"},"modified":"2025-12-16T08:18:19","modified_gmt":"2025-12-16T07:18:19","slug":"gamma-gt-1010-ml-biolabo","status":"publish","type":"product","link":"https:\/\/info.biofabmed.com\/?product=gamma-gt-1010-ml-biolabo","title":{"rendered":"GAMMA-GT 10*10 ML Biolabo"},"content":{"rendered":"<p>Monor\u00e9actif<br \/>\nPoudre lyophilis\u00e9e.<br \/>\nTampon de dilution inclus.<br \/>\nReconstitution rapide sans mesure de volume (2 minutes).<\/p>\n<p><strong>Caract\u00e9ristiques<\/strong><br \/>\nLin\u00e9arit\u00e9 : jusqu\u2019\u00e0 320 UI\/L (5,33 \u00b5Kat\/L)<br \/>\nStabilit\u00e9 et conservation \u00e0 2-8\u00b0C : Avant ouverture : 3 ans<br \/>\nR\u00e9actif de travail : 30 jours<\/p>\n<p><strong>Principe<\/strong><br \/>\nSubstrat GPNA carboxyl\u00e9<br \/>\nR\u00e9actif pour le dosage quantitatif de l\u2019activit\u00e9 y-glutamyltransf\u00e9rase dans le s\u00e9rum ou le plasma humain<\/p>\n","protected":false},"excerpt":{"rendered":"<p>Monor\u00e9actif Poudre lyophilis\u00e9e. Tampon de dilution inclus. Reconstitution rapide sans mesure de volume (2 minutes). Caract\u00e9ristiques Lin\u00e9arit\u00e9 : jusqu\u2019\u00e0 320 UI\/L (5,33 \u00b5Kat\/L) Stabilit\u00e9 et conservation \u00e0 2-8\u00b0C : Avant ouverture : 3 ans R\u00e9actif de travail : 30 jours Principe Substrat GPNA carboxyl\u00e9 R\u00e9actif pour le dosage quantitatif de l\u2019activit\u00e9 y-glutamyltransf\u00e9rase dans le s\u00e9rum [&hellip;]<\/p>\n","protected":false},"featured_media":10426,"comment_status":"open","ping_status":"closed","template":"","meta":[],"product_brand":[],"product_cat":[15,358,356],"product_tag":[],"class_list":{"0":"post-8116","1":"product","2":"type-product","3":"status-publish","4":"has-post-thumbnail","6":"product_cat-non-classe","7":"product_cat-biochimie","8":"product_cat-laboratoire-danalyses-medicales","9":"ts_product_brand-biolabo","11":"first","12":"instock","13":"shipping-taxable","14":"purchasable","15":"product-type-simple","16":"add-to-wishlist-after_add_to_cart"},"_links":{"self":[{"href":"https:\/\/info.biofabmed.com\/index.php?rest_route=\/wp\/v2\/product\/8116","targetHints":{"allow":["GET"]}}],"collection":[{"href":"https:\/\/info.biofabmed.com\/index.php?rest_route=\/wp\/v2\/product"}],"about":[{"href":"https:\/\/info.biofabmed.com\/index.php?rest_route=\/wp\/v2\/types\/product"}],"replies":[{"embeddable":true,"href":"https:\/\/info.biofabmed.com\/index.php?rest_route=%2Fwp%2Fv2%2Fcomments&post=8116"}],"wp:featuredmedia":[{"embeddable":true,"href":"https:\/\/info.biofabmed.com\/index.php?rest_route=\/wp\/v2\/media\/10426"}],"wp:attachment":[{"href":"https:\/\/info.biofabmed.com\/index.php?rest_route=%2Fwp%2Fv2%2Fmedia&parent=8116"}],"wp:term":[{"taxonomy":"product_brand","embeddable":true,"href":"https:\/\/info.biofabmed.com\/index.php?rest_route=%2Fwp%2Fv2%2Fproduct_brand&post=8116"},{"taxonomy":"product_cat","embeddable":true,"href":"https:\/\/info.biofabmed.com\/index.php?rest_route=%2Fwp%2Fv2%2Fproduct_cat&post=8116"},{"taxonomy":"product_tag","embeddable":true,"href":"https:\/\/info.biofabmed.com\/index.php?rest_route=%2Fwp%2Fv2%2Fproduct_tag&post=8116"}],"curies":[{"name":"wp","href":"https:\/\/api.w.org\/{rel}","templated":true}]}}