{"id":8136,"date":"2024-04-19T17:59:09","date_gmt":"2024-04-19T15:59:09","guid":{"rendered":"https:\/\/info.biofabmed.com\/?post_type=product&#038;p=8136"},"modified":"2025-12-16T08:18:18","modified_gmt":"2025-12-16T07:18:18","slug":"proteines-urinaires-ultra-sensibles-2125-ml-biolabo","status":"publish","type":"product","link":"https:\/\/info.biofabmed.com\/?product=proteines-urinaires-ultra-sensibles-2125-ml-biolabo","title":{"rendered":"PROTEINES URINAIRES ULTRA SENSIBLES 2*125 ML BIOLABO"},"content":{"rendered":"<div>Monor\u00e9actif.<\/div>\n<div>\u00a0R\u00e9actif liquide<\/div>\n<div>\u00a0pr\u00eat \u00e0 l&#8217;emploi.<\/div>\n<div>\u00a0Standard inclus.<\/div>\n<div>\u00a0Lin\u00e9arit\u00e9 :<\/div>\n<div>\u00a0jusqu&#8217;\u00e0 6 g\/L.<\/div>\n<div><\/div>\n<div>\u00a0Stabilit\u00e9 et conservation :<\/div>\n<div>\u00a02 ans \u00e0 18-25\u00b0C.<\/div>\n<div>\u00a0Stocker \u00e9talon \u00e0 2-8\u00b0C<\/div>\n<div>M\u00e9thode avec Rouge de Pyrogallol.<\/div>\n<div>\u00a0R\u00e9actif pour le dosage quantitatif des<\/div>\n<div>\u00a0prot\u00e9ines dans les urines et le LCR humain.<\/div>\n<div>\u00a0R\u00e9action en 10 minutes \u00e0 temp\u00e9rature ambiante.<\/div>\n<div>\u00a0Lecture en point final \u00e0 600 nm (578-612).<\/div>\n","protected":false},"excerpt":{"rendered":"<p>Monor\u00e9actif. \u00a0R\u00e9actif liquide \u00a0pr\u00eat \u00e0 l&#8217;emploi. \u00a0Standard inclus. \u00a0Lin\u00e9arit\u00e9 : \u00a0jusqu&#8217;\u00e0 6 g\/L. \u00a0Stabilit\u00e9 et conservation : \u00a02 ans \u00e0 18-25\u00b0C. \u00a0Stocker \u00e9talon \u00e0 2-8\u00b0C M\u00e9thode avec Rouge de Pyrogallol. \u00a0R\u00e9actif pour le dosage quantitatif des \u00a0prot\u00e9ines dans les urines et le LCR humain. \u00a0R\u00e9action en 10 minutes \u00e0 temp\u00e9rature ambiante. \u00a0Lecture en point final [&hellip;]<\/p>\n","protected":false},"featured_media":10415,"comment_status":"open","ping_status":"closed","template":"","meta":[],"product_brand":[],"product_cat":[15,358,356],"product_tag":[],"class_list":{"0":"post-8136","1":"product","2":"type-product","3":"status-publish","4":"has-post-thumbnail","6":"product_cat-non-classe","7":"product_cat-biochimie","8":"product_cat-laboratoire-danalyses-medicales","9":"ts_product_brand-biolabo","11":"first","12":"instock","13":"shipping-taxable","14":"purchasable","15":"product-type-simple","16":"add-to-wishlist-after_add_to_cart"},"_links":{"self":[{"href":"https:\/\/info.biofabmed.com\/index.php?rest_route=\/wp\/v2\/product\/8136","targetHints":{"allow":["GET"]}}],"collection":[{"href":"https:\/\/info.biofabmed.com\/index.php?rest_route=\/wp\/v2\/product"}],"about":[{"href":"https:\/\/info.biofabmed.com\/index.php?rest_route=\/wp\/v2\/types\/product"}],"replies":[{"embeddable":true,"href":"https:\/\/info.biofabmed.com\/index.php?rest_route=%2Fwp%2Fv2%2Fcomments&post=8136"}],"wp:featuredmedia":[{"embeddable":true,"href":"https:\/\/info.biofabmed.com\/index.php?rest_route=\/wp\/v2\/media\/10415"}],"wp:attachment":[{"href":"https:\/\/info.biofabmed.com\/index.php?rest_route=%2Fwp%2Fv2%2Fmedia&parent=8136"}],"wp:term":[{"taxonomy":"product_brand","embeddable":true,"href":"https:\/\/info.biofabmed.com\/index.php?rest_route=%2Fwp%2Fv2%2Fproduct_brand&post=8136"},{"taxonomy":"product_cat","embeddable":true,"href":"https:\/\/info.biofabmed.com\/index.php?rest_route=%2Fwp%2Fv2%2Fproduct_cat&post=8136"},{"taxonomy":"product_tag","embeddable":true,"href":"https:\/\/info.biofabmed.com\/index.php?rest_route=%2Fwp%2Fv2%2Fproduct_tag&post=8136"}],"curies":[{"name":"wp","href":"https:\/\/api.w.org\/{rel}","templated":true}]}}