{"id":8147,"date":"2024-04-19T18:27:06","date_gmt":"2024-04-19T16:27:06","guid":{"rendered":"https:\/\/info.biofabmed.com\/?post_type=product&#038;p=8147"},"modified":"2025-12-16T08:18:17","modified_gmt":"2025-12-16T07:18:17","slug":"amylase-205-ml-biolabo","status":"publish","type":"product","link":"https:\/\/info.biofabmed.com\/?product=amylase-205-ml-biolabo","title":{"rendered":"AMYLASE 20*5 ML Biolabo"},"content":{"rendered":"<p>L\u2019activit\u00e9 a-amylase (AMY) dans le s\u00e9rum est fr\u00e9quemment mesur\u00e9e dans le diagnostic de pancr\u00e9atite aig\u00fce. Dans ce cas, l\u2019activit\u00e9 a-<br \/>\namylase commence \u00e0 augmenter dans les 2 \u00e0 12 h qui suivent la crise et atteint un pic dans les 12 \u00e0 72 h apr\u00e8s l\u2019attaque<br \/>\nDiff\u00e9rentes m\u00e9thodes sont disponibles pour mesurer l\u2019activit\u00e9 a-amylase dans le s\u00e9rum (m\u00e9thodes amyloclastiques, m\u00e9thodes<br \/>\nsaccharog\u00e9niques). Comparativement \u00e0 ces m\u00e9thodes, la m\u00e9thode CNPG3 est plus performante en termes de lin\u00e9arit\u00e9, sensibilit\u00e9 et exactitude.<\/p>\n","protected":false},"excerpt":{"rendered":"<p>L\u2019activit\u00e9 a-amylase (AMY) dans le s\u00e9rum est fr\u00e9quemment mesur\u00e9e dans le diagnostic de pancr\u00e9atite aig\u00fce. Dans ce cas, l\u2019activit\u00e9 a- amylase commence \u00e0 augmenter dans les 2 \u00e0 12 h qui suivent la crise et atteint un pic dans les 12 \u00e0 72 h apr\u00e8s l\u2019attaque Diff\u00e9rentes m\u00e9thodes sont disponibles pour mesurer l\u2019activit\u00e9 a-amylase dans [&hellip;]<\/p>\n","protected":false},"featured_media":10426,"comment_status":"open","ping_status":"closed","template":"","meta":[],"product_brand":[],"product_cat":[358,356,15],"product_tag":[],"class_list":{"0":"post-8147","1":"product","2":"type-product","3":"status-publish","4":"has-post-thumbnail","6":"product_cat-biochimie","7":"product_cat-laboratoire-danalyses-medicales","8":"product_cat-non-classe","9":"ts_product_brand-biolabo","11":"first","12":"instock","13":"shipping-taxable","14":"purchasable","15":"product-type-simple","16":"add-to-wishlist-after_add_to_cart"},"_links":{"self":[{"href":"https:\/\/info.biofabmed.com\/index.php?rest_route=\/wp\/v2\/product\/8147","targetHints":{"allow":["GET"]}}],"collection":[{"href":"https:\/\/info.biofabmed.com\/index.php?rest_route=\/wp\/v2\/product"}],"about":[{"href":"https:\/\/info.biofabmed.com\/index.php?rest_route=\/wp\/v2\/types\/product"}],"replies":[{"embeddable":true,"href":"https:\/\/info.biofabmed.com\/index.php?rest_route=%2Fwp%2Fv2%2Fcomments&post=8147"}],"wp:featuredmedia":[{"embeddable":true,"href":"https:\/\/info.biofabmed.com\/index.php?rest_route=\/wp\/v2\/media\/10426"}],"wp:attachment":[{"href":"https:\/\/info.biofabmed.com\/index.php?rest_route=%2Fwp%2Fv2%2Fmedia&parent=8147"}],"wp:term":[{"taxonomy":"product_brand","embeddable":true,"href":"https:\/\/info.biofabmed.com\/index.php?rest_route=%2Fwp%2Fv2%2Fproduct_brand&post=8147"},{"taxonomy":"product_cat","embeddable":true,"href":"https:\/\/info.biofabmed.com\/index.php?rest_route=%2Fwp%2Fv2%2Fproduct_cat&post=8147"},{"taxonomy":"product_tag","embeddable":true,"href":"https:\/\/info.biofabmed.com\/index.php?rest_route=%2Fwp%2Fv2%2Fproduct_tag&post=8147"}],"curies":[{"name":"wp","href":"https:\/\/api.w.org\/{rel}","templated":true}]}}