{"id":9056,"date":"2024-05-17T19:15:51","date_gmt":"2024-05-17T17:15:51","guid":{"rendered":"https:\/\/info.biofabmed.com\/?product=mindray-m-30-d-diluent-20-l"},"modified":"2024-07-29T14:03:28","modified_gmt":"2024-07-29T12:03:28","slug":"mindray-m-30-d-diluent-20-l","status":"publish","type":"product","link":"https:\/\/info.biofabmed.com\/?product=mindray-m-30-d-diluent-20-l","title":{"rendered":"MINDRAY M-30 D DILUENT 20 L"},"content":{"rendered":"<p>8. MINDRAY M-30 D DILUENT 20 L : Diluant de haute qualit\u00e9 pour les analyseurs h\u00e9matologiques Mindray BC 2800, 3000, 3000plus, 3200, utilis\u00e9 comme r\u00e9actif de dilution pour les \u00e9chantillons de sang total. Il garantit une dilution uniforme et pr\u00e9cise, essentielle pour l&#8217;exactitude des analyses h\u00e9matologiques.<\/p>\n","protected":false},"excerpt":{"rendered":"<p>8. MINDRAY M-30 D DILUENT 20 L : Diluant de haute qualit\u00e9 pour les analyseurs h\u00e9matologiques Mindray BC 2800, 3000, 3000plus, 3200, utilis\u00e9 comme r\u00e9actif de dilution pour les \u00e9chantillons de sang total. Il garantit une dilution uniforme et pr\u00e9cise, essentielle pour l&#8217;exactitude des analyses h\u00e9matologiques.<\/p>\n","protected":false},"featured_media":10331,"comment_status":"open","ping_status":"closed","template":"","meta":[],"product_brand":[],"product_cat":[15],"product_tag":[],"class_list":{"0":"post-9056","1":"product","2":"type-product","3":"status-publish","4":"has-post-thumbnail","6":"product_cat-non-classe","8":"first","9":"instock","10":"shipping-taxable","11":"purchasable","12":"product-type-simple","13":"add-to-wishlist-after_add_to_cart"},"_links":{"self":[{"href":"https:\/\/info.biofabmed.com\/index.php?rest_route=\/wp\/v2\/product\/9056","targetHints":{"allow":["GET"]}}],"collection":[{"href":"https:\/\/info.biofabmed.com\/index.php?rest_route=\/wp\/v2\/product"}],"about":[{"href":"https:\/\/info.biofabmed.com\/index.php?rest_route=\/wp\/v2\/types\/product"}],"replies":[{"embeddable":true,"href":"https:\/\/info.biofabmed.com\/index.php?rest_route=%2Fwp%2Fv2%2Fcomments&post=9056"}],"wp:featuredmedia":[{"embeddable":true,"href":"https:\/\/info.biofabmed.com\/index.php?rest_route=\/wp\/v2\/media\/10331"}],"wp:attachment":[{"href":"https:\/\/info.biofabmed.com\/index.php?rest_route=%2Fwp%2Fv2%2Fmedia&parent=9056"}],"wp:term":[{"taxonomy":"product_brand","embeddable":true,"href":"https:\/\/info.biofabmed.com\/index.php?rest_route=%2Fwp%2Fv2%2Fproduct_brand&post=9056"},{"taxonomy":"product_cat","embeddable":true,"href":"https:\/\/info.biofabmed.com\/index.php?rest_route=%2Fwp%2Fv2%2Fproduct_cat&post=9056"},{"taxonomy":"product_tag","embeddable":true,"href":"https:\/\/info.biofabmed.com\/index.php?rest_route=%2Fwp%2Fv2%2Fproduct_tag&post=9056"}],"curies":[{"name":"wp","href":"https:\/\/api.w.org\/{rel}","templated":true}]}}